{"id":17,"date":"2023-08-07T21:41:45","date_gmt":"2023-08-07T19:41:45","guid":{"rendered":"https:\/\/manhattandent.pl\/stomatolog\/?page_id=17"},"modified":"2023-10-21T13:10:10","modified_gmt":"2023-10-21T11:10:10","slug":"cennik","status":"publish","type":"page","link":"https:\/\/manhattandent.pl\/stomatolog\/cennik\/","title":{"rendered":"cennik"},"content":{"rendered":"\n<h3 class=\"wp-block-heading\">Przybli\u017cony cennik us\u0142ug stomatologicznych:<\/h3>\n\n\n\n<figure class=\"wp-block-table is-style-stripes\"><table><tbody><tr><td><strong>STOMATOLOGIA ZACHOWAWCZA:<\/strong><\/td><td>&nbsp;<\/td><\/tr><tr><td>Konsultacja<\/td><td>150 PLN<\/td><\/tr><tr><td>Opatrunek leczniczy (COLTOSOL)<\/td><td>150-200 PLN<\/td><\/tr><tr><td>Wype\u0142nienie z\u0119ba sta\u0142ego (kompozyt)<\/td><td>250-350 PLN<\/td><\/tr><tr><td>Wype\u0142nienie chemoutwardzalne (glasjonomer)<\/td><td>250 PLN<\/td><\/tr><tr><td>RVG<\/td><td>40 PLN<\/td><\/tr><tr><td>Leczenie abrazj\u0105 powietrzn\u0105 (bez wiert\u0142a)<\/td><td>500 PLN<\/td><\/tr><tr><td>INLEY\/ONLEY kompozytowy<\/td><td>800 PLN<\/td><\/tr><tr><td><strong>STOMATOLOGIA DZIECI\u0118CA:<\/strong><\/td><td>&nbsp;<\/td><\/tr><tr><td>Wizyta adaptacyjna(1\/2 h)<\/td><td>bezp\u0142atnie<\/td><\/tr><tr><td>Konsultacja (dziecko niewsp\u00f3\u0142pracuj\u0105ce)<\/td><td>150 PLN<\/td><\/tr><tr><td>Wype\u0142nienie z\u0119ba mlecznego<\/td><td>250 PLN<\/td><\/tr><tr><td>Opatrunek leczniczy (glasjonomer)<\/td><td>200 PLN<\/td><\/tr><tr><td>Leczenie kana\u0142owe z\u0119ba mlecznego (amputacja formo krezolowa)<\/td><td>300 PLN+cena odbudowy z\u0119ba<\/td><\/tr><tr><td>Lapisowanie z\u0119ba mlecznego azotanem srebra<\/td><td>150 PLN\/1 z\u0105b<\/td><\/tr><tr><td>Lakowanie z\u0119ba sta\u0142ego<\/td><td>200 PLN<\/td><\/tr><tr><td>Poszerzone lakowanie z\u0119ba sta\u0142ego<\/td><td>200-250 PLN<\/td><\/tr><tr><td>Oczyszczenie z\u0119b\u00f3w mlecznych z fluoryzacj\u0105<\/td><td>200-250 PLN<\/td><\/tr><tr><td><strong>PROFILAKTYKA<\/strong>:<\/td><td>&nbsp;<\/td><\/tr><tr><td>Lakierowanie fluorkowe (2 \u0142uki)<\/td><td>&nbsp;<\/td><\/tr><tr><td>\u2013 fluoryzacja ELMEX-GEL<\/td><td>250 PLN<\/td><\/tr><tr><td>\u2013 fluoryzacja lakier (DURAPHAT)<\/td><td>200-250 PLN<\/td><\/tr><tr><td>Usuni\u0119cie kamienia naz\u0119bnego (scaling ultrad\u017awi\u0119kami)<\/td><td>300-350 PLN<\/td><\/tr><tr><td>Usuni\u0119cie kamienia naz\u0119bnego (scaling+piaskowanie)<\/td><td>350-400 PLN<\/td><\/tr><tr><td>Usuni\u0119cie kamienia naz\u0119bnego (scaling+piaskowanie+fluoryzacja-2 \u0142uki)<\/td><td>400-450 PLN<\/td><\/tr><tr><td>Piaskowanie<\/td><td>250 PLN<\/td><\/tr><tr><td>Wizyta kontrolna po miesi\u0105cu + instrukta\u017c higieny jamy ustnej<\/td><td>200-250 PLN<\/td><\/tr><tr><td colspan=\"2\"><strong>stomatologia estetyczna:<\/strong><\/td><\/tr><tr><td>Lic\u00f3wka kompozytowa (Enamel, SYNERGY D6)<\/td><td>400-450 PLN<\/td><\/tr><tr><td>Wybielanie nak\u0142adkowe(szyny + 2 strzykawki)<\/td><td>800 PLN<\/td><\/tr><tr><td>Wybielanie martwego z\u0119ba (max 2 wizyty)<\/td><td>300 PLN<\/td><\/tr><tr><td>Bi\u017cuteria naz\u0119bna<\/td><td>300 PLN<\/td><\/tr><tr><td>Lic\u00f3wka Componeer<\/td><td>800 PLN<\/td><\/tr><tr><td><strong>ENDODONCJA<\/strong>:<\/td><td>&nbsp;<\/td><\/tr><tr><td>Dewitalizacja miazgi<\/td><td>250 PLN<\/td><\/tr><tr><td>Ekstyrpacja miazgi w znieczuleniu<\/td><td>250-300 PLN<\/td><\/tr><tr><td>Ostateczne wype\u0142nianie z\u0119ba jednokana\u0142owego (max. 3 wizyty)<\/td><td>600 PLN<\/td><\/tr><tr><td>Ostateczne wype\u0142nianie z\u0119ba dwukana\u0142owego (max. 3 wizyty)<\/td><td>700 PLN<\/td><\/tr><tr><td>Ostateczne wype\u0142nianie z\u0119ba trzykana\u0142owego (max. 3 wizyty)<\/td><td>900 PLN<\/td><\/tr><tr><td>Ostateczne wype\u0142nianie z\u0119ba czterokana\u0142owego i wi\u0119cej (max. 3 wizyty)<\/td><td>1000 PLN<\/td><\/tr><tr><td>Rewizja leczenia kana\u0142owego<\/td><td>dodatkowo 250 PLN<\/td><\/tr><tr><td>Opatrunek endodontyczny<\/td><td>250 PLN<\/td><\/tr><tr><td>Perforacja<\/td><td>250-300 PLN<\/td><\/tr><tr><td><strong>LECZENIE CHOR\u00d3B PRZYZ\u0118BIA:<\/strong><\/td><td>&nbsp;<\/td><\/tr><tr><td>Kiereta\u017c jednej \u0107wiartki&nbsp;<\/td><td>200 PLN<\/td><\/tr><tr><td>P\u0142ukanie kieszonki dzi\u0105s\u0142owej z aplikacj\u0105 leku&nbsp;<\/td><td>200 PLN<\/td><\/tr><tr><td>Szynowanie z\u0119b\u00f3w rozchwianych (1 z\u0105b)<\/td><td>300 PLN<\/td><\/tr><tr><td>Leczenie nadwra\u017cliwo\u015bci (GLUMA)<\/td><td>250 PLN<\/td><\/tr><tr><td><strong>PROTETYKA<\/strong>:<\/td><td>&nbsp;<\/td><\/tr><tr><td>Korona tymczasowa<\/td><td>120 PLN<\/td><\/tr><tr><td>Wk\u0142ad koronowo korzeniowy (lany)<\/td><td>450 PLN<\/td><\/tr><tr><td>Wk\u0142ad z w\u0142\u00f3kna szklanego<\/td><td>450 PLN<\/td><\/tr><tr><td>Korona z\u0142o\u017cona licowana porcelan\u0105<\/td><td>900 PLN<\/td><\/tr><tr><td>Korona pe\u0142noceramiczna<\/td><td>1600 PLN<\/td><\/tr><tr><td>Korona ceramiczna na cyrkonie<\/td><td>1600 PLN<\/td><\/tr><tr><td>Lic\u00f3wka porcelanowa<\/td><td>1600 PLN<\/td><\/tr><tr><td>Onley lub inley pe\u0142noceramiczny<\/td><td>1600 PLN<\/td><\/tr><tr><td>Most adhezyjny (3 punkty)<\/td><td>2000 PLN<\/td><\/tr><tr><td>Most adhezyjny CYRKON<\/td><td>3500 PLN<\/td><\/tr><tr><td>Proteza akrylowa cz\u0119\u015bciowa<\/td><td>900 PLN<\/td><\/tr><tr><td>Proteza akrylowa ca\u0142kowita<\/td><td>950 PLN<\/td><\/tr><tr><td>Proteza szkieletowa (standardowa)<\/td><td>1800 PLN<\/td><\/tr><tr><td>Proteza szkieletowa COMBO<\/td><td>3000 PLN<\/td><\/tr><tr><td>Proteza elastyczna<\/td><td>2100 PLN<\/td><\/tr><tr><td>Naprawa protezy<\/td><td>200-250 PLN<\/td><\/tr><tr><td>Pod\u015bcielenie protez<\/td><td>250-300 PLN<\/td><\/tr><tr><td>Szyna nagryzowa (relaksacyjna)<\/td><td>&nbsp;<\/td><\/tr><tr><td>\u2013 szyna twarda<\/td><td>500 PLN<\/td><\/tr><tr><td>\u2013 szyna mi\u0119kka<\/td><td>450 PLN<\/td><\/tr><tr><td>Szyny do wybielania<\/td><td>400 PLN<\/td><\/tr><tr><td>Most 1 punkt (METAL)<\/td><td>900 PLN<\/td><\/tr><tr><td>Most 1 punkt (CYRKON)<\/td><td>1600 PLN<\/td><\/tr><tr><td>ETRUSKA<\/td><td>600 PLN<\/td><\/tr><tr><td>Modele orientacyjne (1 model)<\/td><td>60 PLN<\/td><\/tr><tr><td>Wax-up (g\u00f3ra albo d\u00f3\u0142)<\/td><td>150 PLN<\/td><\/tr><tr><td>Wax-up + szyna<\/td><td>250 PLN<\/td><\/tr><tr><td>Modele orientacyjne + artykulator<\/td><td>200 PLN<\/td><\/tr><tr><td>Wk\u0142ad + zatrzask kulkowy<\/td><td>500 PLN<\/td><\/tr><tr><td>Proteza ca\u0142kowita na zatrzaskach (akrylowa)<\/td><td>2000 PLN + cena zatrzask\u00f3w<\/td><\/tr><tr><td>Dostawienie z\u0119ba do protezy elastycznej<\/td><td>650 PLN<\/td><\/tr><tr><td><strong>CHIRURGIA STOMATOLOGICZNA:<\/strong><\/td><td>&nbsp;<\/td><\/tr><tr><td>Usuni\u0119cie z\u0119ba mlecznego<\/td><td>200 PLN<\/td><\/tr><tr><td>Ekstrakcja z\u0119ba sta\u0142ego<\/td><td>250-300 PLN<\/td><\/tr><tr><td>Ekstrakcja skomplikowana (d\u0142utowanie)<\/td><td>300-350 PLN<\/td><\/tr><tr><td>D\u0142utowanie z\u0119ba m\u0105dro\u015bci<\/td><td>400-600 PLN<\/td><\/tr><tr><td>Szycie rany chirurgicznej<\/td><td>100-150 PLN<\/td><\/tr><tr><td>Naci\u0119cie ropnia<\/td><td>150-200 PLN<\/td><\/tr><tr><td>Wyci\u0119cie kapturka dzi\u0105s\u0142owego<\/td><td>200-350 PLN<\/td><\/tr><tr><td>Zamkni\u0119cie zatoki<\/td><td>800 PLN<\/td><\/tr><tr><td>Podci\u0119cie w\u0119dzide\u0142ka<\/td><td>300-350 PLN<\/td><\/tr><tr><td>Resekcja:<\/td><td>&nbsp;<\/td><\/tr><tr><td>\u2013 z\u0119by przednie<\/td><td>1200 PLN<\/td><\/tr><tr><td>\u2013 z\u0119by boczne<\/td><td>1500 PLN<\/td><\/tr><tr><td>Chemisekcja (Radectomia)<\/td><td>450 PLN<\/td><\/tr><tr><td>Wy\u0142uszczenie torbieli<\/td><td>600 PLN<\/td><\/tr><tr><td>Chirurgiczne wyd\u0142u\u017cenie korony klinicznej<\/td><td>500-700 PLN<\/td><\/tr><tr><td>Utrudnione wyrzynanie z\u0119ba m\u0105dro\u015bci (p\u0142ukanie + aplikacja leku)<\/td><td>200 PLN<\/td><\/tr><tr><td>Zdj\u0119cie RVG + p\u0142yta CD<\/td><td>45<\/td><\/tr><\/tbody><\/table><\/figure>\n\n\n\n<p>Podane warto\u015bci s\u0105 wielko\u015bciami przybli\u017conymi. O dok\u0142adn\u0105 wycen\u0119 zapytaj stomatologa podczas wizyty.<\/p>\n\n\n\n<p><\/p>\n\n\n\n<div class=\"wp-block-buttons is-layout-flex wp-block-buttons-is-layout-flex\">\n<div class=\"wp-block-button\"><a class=\"wp-block-button__link wp-element-button\">Um\u00f3w si\u0119 na wizyt\u0119<\/a><\/div>\n<\/div>\n","protected":false},"excerpt":{"rendered":"<p>Przybli\u017cony cennik us\u0142ug stomatologicznych: STOMATOLOGIA ZACHOWAWCZA: &nbsp; Konsultacja 150 PLN Opatrunek leczniczy (COLTOSOL) 150-200 PLN Wype\u0142nienie z\u0119ba sta\u0142ego (kompozyt) 250-350 PLN Wype\u0142nienie chemoutwardzalne (glasjonomer) 250 PLN RVG 40 PLN Leczenie abrazj\u0105 powietrzn\u0105 (bez wiert\u0142a) 500 PLN INLEY\/ONLEY kompozytowy 800 PLN STOMATOLOGIA DZIECI\u0118CA: &nbsp; Wizyta adaptacyjna(1\/2 h) bezp\u0142atnie Konsultacja (dziecko niewsp\u00f3\u0142pracuj\u0105ce) 150 PLN Wype\u0142nienie z\u0119ba mlecznego&#8230;<\/p>\n","protected":false},"author":1,"featured_media":0,"parent":0,"menu_order":0,"comment_status":"closed","ping_status":"closed","template":"","meta":{"_kadence_starter_templates_imported_post":false,"_kad_post_transparent":"","_kad_post_title":"","_kad_post_layout":"","_kad_post_sidebar_id":"","_kad_post_content_style":"","_kad_post_vertical_padding":"","_kad_post_feature":"","_kad_post_feature_position":"","_kad_post_header":false,"_kad_post_footer":false,"footnotes":""},"class_list":["post-17","page","type-page","status-publish","hentry"],"yoast_head":"<!-- This site is optimized with the Yoast SEO plugin v25.9 - https:\/\/yoast.com\/wordpress\/plugins\/seo\/ -->\n<title>cennik - Gabinet stomatologiczny Manhattan-dent<\/title>\n<meta name=\"robots\" content=\"index, follow, max-snippet:-1, max-image-preview:large, max-video-preview:-1\" \/>\n<link rel=\"canonical\" href=\"https:\/\/manhattandent.pl\/stomatolog\/cennik\/\" \/>\n<meta property=\"og:locale\" content=\"pl_PL\" \/>\n<meta property=\"og:type\" content=\"article\" \/>\n<meta property=\"og:title\" content=\"cennik - Gabinet stomatologiczny Manhattan-dent\" \/>\n<meta property=\"og:description\" content=\"Przybli\u017cony cennik us\u0142ug stomatologicznych: STOMATOLOGIA ZACHOWAWCZA: &nbsp; Konsultacja 150 PLN Opatrunek leczniczy (COLTOSOL) 150-200 PLN Wype\u0142nienie z\u0119ba sta\u0142ego (kompozyt) 250-350 PLN Wype\u0142nienie chemoutwardzalne (glasjonomer) 250 PLN RVG 40 PLN Leczenie abrazj\u0105 powietrzn\u0105 (bez wiert\u0142a) 500 PLN INLEY\/ONLEY kompozytowy 800 PLN STOMATOLOGIA DZIECI\u0118CA: &nbsp; Wizyta adaptacyjna(1\/2 h) bezp\u0142atnie Konsultacja (dziecko niewsp\u00f3\u0142pracuj\u0105ce) 150 PLN Wype\u0142nienie z\u0119ba mlecznego...\" \/>\n<meta property=\"og:url\" content=\"https:\/\/manhattandent.pl\/stomatolog\/cennik\/\" \/>\n<meta property=\"og:site_name\" content=\"Gabinet stomatologiczny Manhattan-dent\" \/>\n<meta property=\"article:publisher\" content=\"https:\/\/www.facebook.com\/people\/Manhattan-Dent\/61550723380393\/\" \/>\n<meta property=\"article:modified_time\" content=\"2023-10-21T11:10:10+00:00\" \/>\n<meta name=\"twitter:card\" content=\"summary_large_image\" \/>\n<meta name=\"twitter:label1\" content=\"Szacowany czas czytania\" \/>\n\t<meta name=\"twitter:data1\" content=\"4 minuty\" \/>\n<script type=\"application\/ld+json\" class=\"yoast-schema-graph\">{\"@context\":\"https:\/\/schema.org\",\"@graph\":[{\"@type\":\"WebPage\",\"@id\":\"https:\/\/manhattandent.pl\/stomatolog\/cennik\/\",\"url\":\"https:\/\/manhattandent.pl\/stomatolog\/cennik\/\",\"name\":\"cennik - Gabinet stomatologiczny Manhattan-dent\",\"isPartOf\":{\"@id\":\"https:\/\/manhattandent.pl\/stomatolog\/#website\"},\"datePublished\":\"2023-08-07T19:41:45+00:00\",\"dateModified\":\"2023-10-21T11:10:10+00:00\",\"breadcrumb\":{\"@id\":\"https:\/\/manhattandent.pl\/stomatolog\/cennik\/#breadcrumb\"},\"inLanguage\":\"pl-PL\",\"potentialAction\":[{\"@type\":\"ReadAction\",\"target\":[\"https:\/\/manhattandent.pl\/stomatolog\/cennik\/\"]}]},{\"@type\":\"BreadcrumbList\",\"@id\":\"https:\/\/manhattandent.pl\/stomatolog\/cennik\/#breadcrumb\",\"itemListElement\":[{\"@type\":\"ListItem\",\"position\":1,\"name\":\"Strona g\u0142\u00f3wna\",\"item\":\"https:\/\/manhattandent.pl\/stomatolog\/\"},{\"@type\":\"ListItem\",\"position\":2,\"name\":\"cennik\"}]},{\"@type\":\"WebSite\",\"@id\":\"https:\/\/manhattandent.pl\/stomatolog\/#website\",\"url\":\"https:\/\/manhattandent.pl\/stomatolog\/\",\"name\":\"Gabinet stomatologiczny Manhattan-dent \u0141\u00f3d\u017a\",\"description\":\"\",\"publisher\":{\"@id\":\"https:\/\/manhattandent.pl\/stomatolog\/#organization\"},\"alternateName\":\"stomatolog \u0141\u00f3d\u017a\",\"potentialAction\":[{\"@type\":\"SearchAction\",\"target\":{\"@type\":\"EntryPoint\",\"urlTemplate\":\"https:\/\/manhattandent.pl\/stomatolog\/?s={search_term_string}\"},\"query-input\":{\"@type\":\"PropertyValueSpecification\",\"valueRequired\":true,\"valueName\":\"search_term_string\"}}],\"inLanguage\":\"pl-PL\"},{\"@type\":\"Organization\",\"@id\":\"https:\/\/manhattandent.pl\/stomatolog\/#organization\",\"name\":\"Gabinet stomatologiczny Manhattan-dent \u0141\u00f3d\u017a\",\"alternateName\":\"Stomatolog \u0141\u00f3d\u017a\",\"url\":\"https:\/\/manhattandent.pl\/stomatolog\/\",\"logo\":{\"@type\":\"ImageObject\",\"inLanguage\":\"pl-PL\",\"@id\":\"https:\/\/manhattandent.pl\/stomatolog\/#\/schema\/logo\/image\/\",\"url\":\"https:\/\/i0.wp.com\/manhattandent.pl\/stomatolog\/wp-content\/uploads\/2023\/08\/cropped-logo.png?fit=236%2C110&ssl=1\",\"contentUrl\":\"https:\/\/i0.wp.com\/manhattandent.pl\/stomatolog\/wp-content\/uploads\/2023\/08\/cropped-logo.png?fit=236%2C110&ssl=1\",\"width\":236,\"height\":110,\"caption\":\"Gabinet stomatologiczny Manhattan-dent \u0141\u00f3d\u017a\"},\"image\":{\"@id\":\"https:\/\/manhattandent.pl\/stomatolog\/#\/schema\/logo\/image\/\"},\"sameAs\":[\"https:\/\/www.facebook.com\/people\/Manhattan-Dent\/61550723380393\/\"]}]}<\/script>\n<!-- \/ Yoast SEO plugin. -->","yoast_head_json":{"title":"cennik - Gabinet stomatologiczny Manhattan-dent","robots":{"index":"index","follow":"follow","max-snippet":"max-snippet:-1","max-image-preview":"max-image-preview:large","max-video-preview":"max-video-preview:-1"},"canonical":"https:\/\/manhattandent.pl\/stomatolog\/cennik\/","og_locale":"pl_PL","og_type":"article","og_title":"cennik - Gabinet stomatologiczny Manhattan-dent","og_description":"Przybli\u017cony cennik us\u0142ug stomatologicznych: STOMATOLOGIA ZACHOWAWCZA: &nbsp; Konsultacja 150 PLN Opatrunek leczniczy (COLTOSOL) 150-200 PLN Wype\u0142nienie z\u0119ba sta\u0142ego (kompozyt) 250-350 PLN Wype\u0142nienie chemoutwardzalne (glasjonomer) 250 PLN RVG 40 PLN Leczenie abrazj\u0105 powietrzn\u0105 (bez wiert\u0142a) 500 PLN INLEY\/ONLEY kompozytowy 800 PLN STOMATOLOGIA DZIECI\u0118CA: &nbsp; Wizyta adaptacyjna(1\/2 h) bezp\u0142atnie Konsultacja (dziecko niewsp\u00f3\u0142pracuj\u0105ce) 150 PLN Wype\u0142nienie z\u0119ba mlecznego...","og_url":"https:\/\/manhattandent.pl\/stomatolog\/cennik\/","og_site_name":"Gabinet stomatologiczny Manhattan-dent","article_publisher":"https:\/\/www.facebook.com\/people\/Manhattan-Dent\/61550723380393\/","article_modified_time":"2023-10-21T11:10:10+00:00","twitter_card":"summary_large_image","twitter_misc":{"Szacowany czas czytania":"4 minuty"},"schema":{"@context":"https:\/\/schema.org","@graph":[{"@type":"WebPage","@id":"https:\/\/manhattandent.pl\/stomatolog\/cennik\/","url":"https:\/\/manhattandent.pl\/stomatolog\/cennik\/","name":"cennik - Gabinet stomatologiczny Manhattan-dent","isPartOf":{"@id":"https:\/\/manhattandent.pl\/stomatolog\/#website"},"datePublished":"2023-08-07T19:41:45+00:00","dateModified":"2023-10-21T11:10:10+00:00","breadcrumb":{"@id":"https:\/\/manhattandent.pl\/stomatolog\/cennik\/#breadcrumb"},"inLanguage":"pl-PL","potentialAction":[{"@type":"ReadAction","target":["https:\/\/manhattandent.pl\/stomatolog\/cennik\/"]}]},{"@type":"BreadcrumbList","@id":"https:\/\/manhattandent.pl\/stomatolog\/cennik\/#breadcrumb","itemListElement":[{"@type":"ListItem","position":1,"name":"Strona g\u0142\u00f3wna","item":"https:\/\/manhattandent.pl\/stomatolog\/"},{"@type":"ListItem","position":2,"name":"cennik"}]},{"@type":"WebSite","@id":"https:\/\/manhattandent.pl\/stomatolog\/#website","url":"https:\/\/manhattandent.pl\/stomatolog\/","name":"Gabinet stomatologiczny Manhattan-dent \u0141\u00f3d\u017a","description":"","publisher":{"@id":"https:\/\/manhattandent.pl\/stomatolog\/#organization"},"alternateName":"stomatolog \u0141\u00f3d\u017a","potentialAction":[{"@type":"SearchAction","target":{"@type":"EntryPoint","urlTemplate":"https:\/\/manhattandent.pl\/stomatolog\/?s={search_term_string}"},"query-input":{"@type":"PropertyValueSpecification","valueRequired":true,"valueName":"search_term_string"}}],"inLanguage":"pl-PL"},{"@type":"Organization","@id":"https:\/\/manhattandent.pl\/stomatolog\/#organization","name":"Gabinet stomatologiczny Manhattan-dent \u0141\u00f3d\u017a","alternateName":"Stomatolog \u0141\u00f3d\u017a","url":"https:\/\/manhattandent.pl\/stomatolog\/","logo":{"@type":"ImageObject","inLanguage":"pl-PL","@id":"https:\/\/manhattandent.pl\/stomatolog\/#\/schema\/logo\/image\/","url":"https:\/\/i0.wp.com\/manhattandent.pl\/stomatolog\/wp-content\/uploads\/2023\/08\/cropped-logo.png?fit=236%2C110&ssl=1","contentUrl":"https:\/\/i0.wp.com\/manhattandent.pl\/stomatolog\/wp-content\/uploads\/2023\/08\/cropped-logo.png?fit=236%2C110&ssl=1","width":236,"height":110,"caption":"Gabinet stomatologiczny Manhattan-dent \u0141\u00f3d\u017a"},"image":{"@id":"https:\/\/manhattandent.pl\/stomatolog\/#\/schema\/logo\/image\/"},"sameAs":["https:\/\/www.facebook.com\/people\/Manhattan-Dent\/61550723380393\/"]}]}},"_links":{"self":[{"href":"https:\/\/manhattandent.pl\/stomatolog\/wp-json\/wp\/v2\/pages\/17","targetHints":{"allow":["GET"]}}],"collection":[{"href":"https:\/\/manhattandent.pl\/stomatolog\/wp-json\/wp\/v2\/pages"}],"about":[{"href":"https:\/\/manhattandent.pl\/stomatolog\/wp-json\/wp\/v2\/types\/page"}],"author":[{"embeddable":true,"href":"https:\/\/manhattandent.pl\/stomatolog\/wp-json\/wp\/v2\/users\/1"}],"replies":[{"embeddable":true,"href":"https:\/\/manhattandent.pl\/stomatolog\/wp-json\/wp\/v2\/comments?post=17"}],"version-history":[{"count":1,"href":"https:\/\/manhattandent.pl\/stomatolog\/wp-json\/wp\/v2\/pages\/17\/revisions"}],"predecessor-version":[{"id":733,"href":"https:\/\/manhattandent.pl\/stomatolog\/wp-json\/wp\/v2\/pages\/17\/revisions\/733"}],"wp:attachment":[{"href":"https:\/\/manhattandent.pl\/stomatolog\/wp-json\/wp\/v2\/media?parent=17"}],"curies":[{"name":"wp","href":"https:\/\/api.w.org\/{rel}","templated":true}]}}