{"id":19,"date":"2023-08-07T21:41:45","date_gmt":"2023-08-07T19:41:45","guid":{"rendered":"https:\/\/manhattandent.pl\/stomatolog\/?page_id=19"},"modified":"2025-09-26T13:21:29","modified_gmt":"2025-09-26T11:21:29","slug":"kontakt","status":"publish","type":"page","link":"https:\/\/manhattandent.pl\/stomatolog\/kontakt\/","title":{"rendered":"kontakt"},"content":{"rendered":"\n<div class=\"wp-block-columns is-layout-flex wp-container-core-columns-is-layout-9d6595d7 wp-block-columns-is-layout-flex\">\n<div class=\"wp-block-column is-layout-flow wp-block-column-is-layout-flow\">\n<h3 class=\"wp-block-heading has-theme-palette-1-color has-text-color\" style=\"text-transform:uppercase\">Manhattan-dent<\/h3>\n\n\n\n<h2 class=\"wp-block-heading\">Gabinet Stomatologiczny<br>\u0141\u00f3d\u017a<\/h2>\n\n\n\n<p class=\"has-medium-font-size\">ul. Bia\u0142ostocka 7<\/p>\n\n\n\n<p style=\"font-size:16px\"><strong>Dojazd:<br><\/strong>Autobus: 70, 75<br>Tramwaj: 5, 6, 15, 16<br>Samoch\u00f3d: od ul. Stra\u017cackiej 7<\/p>\n<\/div>\n\n\n\n<div class=\"wp-block-column is-layout-flow wp-block-column-is-layout-flow\">\n<iframe src=\"https:\/\/www.google.com\/maps\/embed?pb=!1m18!1m12!1m3!1d1663.541115776868!2d19.48112006396052!3d51.72058249590872!2m3!1f0!2f0!3f0!3m2!1i1024!2i768!4f13.1!3m3!1m2!1s0x471a3481346ce8d7%3A0xb64647ea245c6dc0!2sManhattan-dent%20Leczenie%20Kana%C5%82owe%20Z%C4%99b%C3%B3w%20Pod%20Mikroskopem%20Endodoncja%20Usuwanie%20%C3%93semek%20Chirurgia%20Stomatologiczna%20Lic%C3%B3wki%20%C5%81%C3%B3d%C5%BA!5e1!3m2!1spl!2spl!4v1757601437263!5m2!1spl!2spl\" width=\"600\" height=\"450\" style=\"border:0;\" allowfullscreen=\"\" loading=\"lazy\" referrerpolicy=\"no-referrer-when-downgrade\"><\/iframe>\n<\/div>\n<\/div>\n\n\n\n<div class=\"wp-block-columns is-layout-flex wp-container-core-columns-is-layout-9d6595d7 wp-block-columns-is-layout-flex\">\n<div class=\"wp-block-column is-layout-flow wp-block-column-is-layout-flow\" style=\"flex-basis:50%\">\n<div class=\"wp-block-group\"><div class=\"wp-block-group__inner-container is-layout-constrained wp-block-group-is-layout-constrained\">\n<p class=\"has-theme-palette-9-color has-theme-palette-1-background-color has-text-color has-background has-medium-font-size\"><strong>UM\u00d3W SI\u0118 NA WIZYT\u0118:<\/strong><\/p>\n\n\n\n<p class=\"has-medium-font-size\">tel: 42 640 12 21<\/p>\n\n\n\n<p class=\"has-medium-font-size\"><br>kom: 609 831 615<\/p>\n\n\n\n<p><a href=\"mailto:kontakt@manhattandent.pl\">marzannakozlowska@gmail.com<\/a><\/p>\n<\/div><\/div>\n<\/div>\n\n\n\n<div class=\"wp-block-column is-layout-flow wp-block-column-is-layout-flow\" style=\"flex-basis:50%\">\n<a id=\"zl-url\" class=\"zl-url\" href=\"https:\/\/www.znanylekarz.pl\/marzanna-kozlowska\/stomatolog\/lodz\" rel=\"nofollow\" data-zlw-doctor=\"marzanna-kozlowska\" data-zlw-type=\"big\" data-zlw-opinion=\"false\" data-zlw-hide-branding=\"true\" data-zlw-saas-only=\"false\">Marzanna Koz\u0142owska &#8211; ZnanyLekarz.pl<\/a><script>!function($_x,_s,id){var js,fjs=$_x.getElementsByTagName(_s)[0];if(!$_x.getElementById(id)){js = $_x.createElement(_s);js.id = id;js.src = \"\/\/platform.docplanner.com\/js\/widget.js\";fjs.parentNode.insertBefore(js,fjs);}}(document,\"script\",\"zl-widget-s\");<\/script>\n<\/div>\n<\/div>\n\n\n\n<div class=\"wp-block-columns is-layout-flex wp-container-core-columns-is-layout-9d6595d7 wp-block-columns-is-layout-flex\">\n<div class=\"wp-block-column is-layout-flow wp-block-column-is-layout-flow\" style=\"flex-basis:50%\">\n<p class=\"has-theme-palette-1-color has-theme-palette-8-background-color has-text-color has-background has-medium-font-size\"><strong>Chcesz um\u00f3wi\u0107 wizyt\u0119?<\/strong><\/p>\n\n\n\n<p class=\"has-medium-font-size\">Skontaktuj si\u0119 z nami telefonicznie lub poprzez <a href=\"https:\/\/www.znanylekarz.pl\/marzanna-kozlowska\/stomatolog\/lodz?utm_id=191204&amp;utm_source=widget-doctor-191204&amp;utm_medium=big&amp;utm_campaign=&amp;utm_content=#highlight-calendar\">Znanego Lekarza<\/a> \u2013 z przyjemno\u015bci\u0105 ustalimy dla Ciebie dogodny termin.<\/p>\n<\/div>\n\n\n\n<div class=\"wp-block-column is-vertically-aligned-top is-layout-flow wp-block-column-is-layout-flow\" style=\"padding-right:var(--wp--preset--spacing--50);padding-left:var(--wp--preset--spacing--50);flex-basis:50%\">\n<center><a id=\"zl-url\" class=\"zl-url\" href=\"https:\/\/www.znanylekarz.pl\/marzanna-kozlowska\/stomatolog\/lodz\" rel=\"nofollow\" data-zlw-doctor=\"marzanna-kozlowska\" data-zlw-type=\"certificate\" data-zlw-opinion=\"false\" data-zlw-hide-branding=\"true\" data-zlw-saas-only=\"false\">Marzanna Koz\u0142owska &#8211; ZnanyLekarz.pl<\/a><\/center><script>!function($_x,_s,id){var js,fjs=$_x.getElementsByTagName(_s)[0];if(!$_x.getElementById(id)){js = $_x.createElement(_s);js.id = id;js.src = \"\/\/platform.docplanner.com\/js\/widget.js\";fjs.parentNode.insertBefore(js,fjs);}}(document,\"script\",\"zl-widget-s\");<\/script>\n<\/div>\n<\/div>\n\n\n\n<p><\/p>\n","protected":false},"excerpt":{"rendered":"<p>Manhattan-dent Gabinet Stomatologiczny\u0141\u00f3d\u017a ul. Bia\u0142ostocka 7 Dojazd:Autobus: 70, 75Tramwaj: 5, 6, 15, 16Samoch\u00f3d: od ul. Stra\u017cackiej 7 UM\u00d3W SI\u0118 NA WIZYT\u0118: tel: 42 640 12 21 kom: 609 831 615 marzannakozlowska@gmail.com Marzanna Koz\u0142owska &#8211; ZnanyLekarz.pl Chcesz um\u00f3wi\u0107 wizyt\u0119? Skontaktuj si\u0119 z nami telefonicznie lub poprzez Znanego Lekarza \u2013 z przyjemno\u015bci\u0105 ustalimy dla Ciebie dogodny termin&#8230;.<\/p>\n","protected":false},"author":1,"featured_media":0,"parent":0,"menu_order":0,"comment_status":"closed","ping_status":"closed","template":"","meta":{"_kadence_starter_templates_imported_post":false,"_kad_post_transparent":"","_kad_post_title":"","_kad_post_layout":"","_kad_post_sidebar_id":"","_kad_post_content_style":"","_kad_post_vertical_padding":"","_kad_post_feature":"","_kad_post_feature_position":"","_kad_post_header":false,"_kad_post_footer":false,"footnotes":""},"class_list":["post-19","page","type-page","status-publish","hentry"],"yoast_head":"<!-- This site is optimized with the Yoast SEO plugin v25.9 - https:\/\/yoast.com\/wordpress\/plugins\/seo\/ -->\n<title>kontakt - Gabinet stomatologiczny Manhattan-dent<\/title>\n<meta name=\"robots\" content=\"index, follow, max-snippet:-1, max-image-preview:large, max-video-preview:-1\" \/>\n<link rel=\"canonical\" href=\"https:\/\/manhattandent.pl\/stomatolog\/kontakt\/\" \/>\n<meta property=\"og:locale\" content=\"pl_PL\" \/>\n<meta property=\"og:type\" content=\"article\" \/>\n<meta property=\"og:title\" content=\"kontakt - Gabinet stomatologiczny Manhattan-dent\" \/>\n<meta property=\"og:description\" content=\"Manhattan-dent Gabinet Stomatologiczny\u0141\u00f3d\u017a ul. Bia\u0142ostocka 7 Dojazd:Autobus: 70, 75Tramwaj: 5, 6, 15, 16Samoch\u00f3d: od ul. Stra\u017cackiej 7 UM\u00d3W SI\u0118 NA WIZYT\u0118: tel: 42 640 12 21 kom: 609 831 615 marzannakozlowska@gmail.com Marzanna Koz\u0142owska &#8211; ZnanyLekarz.pl Chcesz um\u00f3wi\u0107 wizyt\u0119? Skontaktuj si\u0119 z nami telefonicznie lub poprzez Znanego Lekarza \u2013 z przyjemno\u015bci\u0105 ustalimy dla Ciebie dogodny termin....\" \/>\n<meta property=\"og:url\" content=\"https:\/\/manhattandent.pl\/stomatolog\/kontakt\/\" \/>\n<meta property=\"og:site_name\" content=\"Gabinet stomatologiczny Manhattan-dent\" \/>\n<meta property=\"article:publisher\" content=\"https:\/\/www.facebook.com\/people\/Manhattan-Dent\/61550723380393\/\" \/>\n<meta property=\"article:modified_time\" content=\"2025-09-26T11:21:29+00:00\" \/>\n<meta name=\"twitter:card\" content=\"summary_large_image\" \/>\n<meta name=\"twitter:label1\" content=\"Szacowany czas czytania\" \/>\n\t<meta name=\"twitter:data1\" content=\"1 minuta\" \/>\n<script type=\"application\/ld+json\" class=\"yoast-schema-graph\">{\"@context\":\"https:\/\/schema.org\",\"@graph\":[{\"@type\":\"WebPage\",\"@id\":\"https:\/\/manhattandent.pl\/stomatolog\/kontakt\/\",\"url\":\"https:\/\/manhattandent.pl\/stomatolog\/kontakt\/\",\"name\":\"kontakt - Gabinet stomatologiczny Manhattan-dent\",\"isPartOf\":{\"@id\":\"https:\/\/manhattandent.pl\/stomatolog\/#website\"},\"datePublished\":\"2023-08-07T19:41:45+00:00\",\"dateModified\":\"2025-09-26T11:21:29+00:00\",\"breadcrumb\":{\"@id\":\"https:\/\/manhattandent.pl\/stomatolog\/kontakt\/#breadcrumb\"},\"inLanguage\":\"pl-PL\",\"potentialAction\":[{\"@type\":\"ReadAction\",\"target\":[\"https:\/\/manhattandent.pl\/stomatolog\/kontakt\/\"]}]},{\"@type\":\"BreadcrumbList\",\"@id\":\"https:\/\/manhattandent.pl\/stomatolog\/kontakt\/#breadcrumb\",\"itemListElement\":[{\"@type\":\"ListItem\",\"position\":1,\"name\":\"Strona g\u0142\u00f3wna\",\"item\":\"https:\/\/manhattandent.pl\/stomatolog\/\"},{\"@type\":\"ListItem\",\"position\":2,\"name\":\"kontakt\"}]},{\"@type\":\"WebSite\",\"@id\":\"https:\/\/manhattandent.pl\/stomatolog\/#website\",\"url\":\"https:\/\/manhattandent.pl\/stomatolog\/\",\"name\":\"Gabinet stomatologiczny Manhattan-dent \u0141\u00f3d\u017a\",\"description\":\"\",\"publisher\":{\"@id\":\"https:\/\/manhattandent.pl\/stomatolog\/#organization\"},\"alternateName\":\"stomatolog \u0141\u00f3d\u017a\",\"potentialAction\":[{\"@type\":\"SearchAction\",\"target\":{\"@type\":\"EntryPoint\",\"urlTemplate\":\"https:\/\/manhattandent.pl\/stomatolog\/?s={search_term_string}\"},\"query-input\":{\"@type\":\"PropertyValueSpecification\",\"valueRequired\":true,\"valueName\":\"search_term_string\"}}],\"inLanguage\":\"pl-PL\"},{\"@type\":\"Organization\",\"@id\":\"https:\/\/manhattandent.pl\/stomatolog\/#organization\",\"name\":\"Gabinet stomatologiczny Manhattan-dent \u0141\u00f3d\u017a\",\"alternateName\":\"Stomatolog \u0141\u00f3d\u017a\",\"url\":\"https:\/\/manhattandent.pl\/stomatolog\/\",\"logo\":{\"@type\":\"ImageObject\",\"inLanguage\":\"pl-PL\",\"@id\":\"https:\/\/manhattandent.pl\/stomatolog\/#\/schema\/logo\/image\/\",\"url\":\"https:\/\/i0.wp.com\/manhattandent.pl\/stomatolog\/wp-content\/uploads\/2023\/08\/cropped-logo.png?fit=236%2C110&ssl=1\",\"contentUrl\":\"https:\/\/i0.wp.com\/manhattandent.pl\/stomatolog\/wp-content\/uploads\/2023\/08\/cropped-logo.png?fit=236%2C110&ssl=1\",\"width\":236,\"height\":110,\"caption\":\"Gabinet stomatologiczny Manhattan-dent \u0141\u00f3d\u017a\"},\"image\":{\"@id\":\"https:\/\/manhattandent.pl\/stomatolog\/#\/schema\/logo\/image\/\"},\"sameAs\":[\"https:\/\/www.facebook.com\/people\/Manhattan-Dent\/61550723380393\/\"]}]}<\/script>\n<!-- \/ Yoast SEO plugin. -->","yoast_head_json":{"title":"kontakt - Gabinet stomatologiczny Manhattan-dent","robots":{"index":"index","follow":"follow","max-snippet":"max-snippet:-1","max-image-preview":"max-image-preview:large","max-video-preview":"max-video-preview:-1"},"canonical":"https:\/\/manhattandent.pl\/stomatolog\/kontakt\/","og_locale":"pl_PL","og_type":"article","og_title":"kontakt - Gabinet stomatologiczny Manhattan-dent","og_description":"Manhattan-dent Gabinet Stomatologiczny\u0141\u00f3d\u017a ul. Bia\u0142ostocka 7 Dojazd:Autobus: 70, 75Tramwaj: 5, 6, 15, 16Samoch\u00f3d: od ul. Stra\u017cackiej 7 UM\u00d3W SI\u0118 NA WIZYT\u0118: tel: 42 640 12 21 kom: 609 831 615 marzannakozlowska@gmail.com Marzanna Koz\u0142owska &#8211; ZnanyLekarz.pl Chcesz um\u00f3wi\u0107 wizyt\u0119? Skontaktuj si\u0119 z nami telefonicznie lub poprzez Znanego Lekarza \u2013 z przyjemno\u015bci\u0105 ustalimy dla Ciebie dogodny termin....","og_url":"https:\/\/manhattandent.pl\/stomatolog\/kontakt\/","og_site_name":"Gabinet stomatologiczny Manhattan-dent","article_publisher":"https:\/\/www.facebook.com\/people\/Manhattan-Dent\/61550723380393\/","article_modified_time":"2025-09-26T11:21:29+00:00","twitter_card":"summary_large_image","twitter_misc":{"Szacowany czas czytania":"1 minuta"},"schema":{"@context":"https:\/\/schema.org","@graph":[{"@type":"WebPage","@id":"https:\/\/manhattandent.pl\/stomatolog\/kontakt\/","url":"https:\/\/manhattandent.pl\/stomatolog\/kontakt\/","name":"kontakt - Gabinet stomatologiczny Manhattan-dent","isPartOf":{"@id":"https:\/\/manhattandent.pl\/stomatolog\/#website"},"datePublished":"2023-08-07T19:41:45+00:00","dateModified":"2025-09-26T11:21:29+00:00","breadcrumb":{"@id":"https:\/\/manhattandent.pl\/stomatolog\/kontakt\/#breadcrumb"},"inLanguage":"pl-PL","potentialAction":[{"@type":"ReadAction","target":["https:\/\/manhattandent.pl\/stomatolog\/kontakt\/"]}]},{"@type":"BreadcrumbList","@id":"https:\/\/manhattandent.pl\/stomatolog\/kontakt\/#breadcrumb","itemListElement":[{"@type":"ListItem","position":1,"name":"Strona g\u0142\u00f3wna","item":"https:\/\/manhattandent.pl\/stomatolog\/"},{"@type":"ListItem","position":2,"name":"kontakt"}]},{"@type":"WebSite","@id":"https:\/\/manhattandent.pl\/stomatolog\/#website","url":"https:\/\/manhattandent.pl\/stomatolog\/","name":"Gabinet stomatologiczny Manhattan-dent \u0141\u00f3d\u017a","description":"","publisher":{"@id":"https:\/\/manhattandent.pl\/stomatolog\/#organization"},"alternateName":"stomatolog \u0141\u00f3d\u017a","potentialAction":[{"@type":"SearchAction","target":{"@type":"EntryPoint","urlTemplate":"https:\/\/manhattandent.pl\/stomatolog\/?s={search_term_string}"},"query-input":{"@type":"PropertyValueSpecification","valueRequired":true,"valueName":"search_term_string"}}],"inLanguage":"pl-PL"},{"@type":"Organization","@id":"https:\/\/manhattandent.pl\/stomatolog\/#organization","name":"Gabinet stomatologiczny Manhattan-dent \u0141\u00f3d\u017a","alternateName":"Stomatolog \u0141\u00f3d\u017a","url":"https:\/\/manhattandent.pl\/stomatolog\/","logo":{"@type":"ImageObject","inLanguage":"pl-PL","@id":"https:\/\/manhattandent.pl\/stomatolog\/#\/schema\/logo\/image\/","url":"https:\/\/i0.wp.com\/manhattandent.pl\/stomatolog\/wp-content\/uploads\/2023\/08\/cropped-logo.png?fit=236%2C110&ssl=1","contentUrl":"https:\/\/i0.wp.com\/manhattandent.pl\/stomatolog\/wp-content\/uploads\/2023\/08\/cropped-logo.png?fit=236%2C110&ssl=1","width":236,"height":110,"caption":"Gabinet stomatologiczny Manhattan-dent \u0141\u00f3d\u017a"},"image":{"@id":"https:\/\/manhattandent.pl\/stomatolog\/#\/schema\/logo\/image\/"},"sameAs":["https:\/\/www.facebook.com\/people\/Manhattan-Dent\/61550723380393\/"]}]}},"_links":{"self":[{"href":"https:\/\/manhattandent.pl\/stomatolog\/wp-json\/wp\/v2\/pages\/19","targetHints":{"allow":["GET"]}}],"collection":[{"href":"https:\/\/manhattandent.pl\/stomatolog\/wp-json\/wp\/v2\/pages"}],"about":[{"href":"https:\/\/manhattandent.pl\/stomatolog\/wp-json\/wp\/v2\/types\/page"}],"author":[{"embeddable":true,"href":"https:\/\/manhattandent.pl\/stomatolog\/wp-json\/wp\/v2\/users\/1"}],"replies":[{"embeddable":true,"href":"https:\/\/manhattandent.pl\/stomatolog\/wp-json\/wp\/v2\/comments?post=19"}],"version-history":[{"count":7,"href":"https:\/\/manhattandent.pl\/stomatolog\/wp-json\/wp\/v2\/pages\/19\/revisions"}],"predecessor-version":[{"id":921,"href":"https:\/\/manhattandent.pl\/stomatolog\/wp-json\/wp\/v2\/pages\/19\/revisions\/921"}],"wp:attachment":[{"href":"https:\/\/manhattandent.pl\/stomatolog\/wp-json\/wp\/v2\/media?parent=19"}],"curies":[{"name":"wp","href":"https:\/\/api.w.org\/{rel}","templated":true}]}}