{"id":32,"date":"2023-08-07T21:42:53","date_gmt":"2023-08-07T19:42:53","guid":{"rendered":"https:\/\/manhattandent.pl\/stomatolog\/front-page\/"},"modified":"2025-09-10T14:09:48","modified_gmt":"2025-09-10T12:09:48","slug":"stomatolog-lodz","status":"publish","type":"page","link":"https:\/\/manhattandent.pl\/stomatolog\/","title":{"rendered":"Gabinet Stomatologiczny \u0141\u00f3d\u017a"},"content":{"rendered":"\n\n\n\n\n<div class=\"wp-block-group\" style=\"padding-top:var(--wp--preset--spacing--20);padding-right:var(--wp--preset--spacing--40);padding-bottom:var(--wp--preset--spacing--20);padding-left:var(--wp--preset--spacing--40)\"><div class=\"wp-block-group__inner-container is-layout-constrained wp-container-core-group-is-layout-b0d9e6a0 wp-block-group-is-layout-constrained\">\n<div class=\"wp-block-group\" style=\"padding-right:var(--wp--preset--spacing--50);padding-left:var(--wp--preset--spacing--50)\"><div class=\"wp-block-group__inner-container is-layout-constrained wp-container-core-group-is-layout-f3e0733b wp-block-group-is-layout-constrained\">\n<h1 class=\"wp-block-heading has-text-align-left has-theme-palette-2-color has-text-color\" style=\"padding-top:var(--wp--preset--spacing--40);padding-right:0rem;padding-bottom:var(--wp--preset--spacing--40);padding-left:0rem\">Gabinet Stomatologiczny \u0141\u00f3d\u017a<br>Manhattan-dent<\/h1>\n\n\n\n<p style=\"padding-right:0rem;padding-bottom:var(--wp--preset--spacing--20);padding-left:0rem;font-size:16px;line-height:1.8\"><strong>Gabinet Stomatologiczny Manhattan-dent&nbsp;<\/strong>to przyjazne dla Ciebie miejsce w pawilonie przy ulicy Bia\u0142ostockiej 7 w \u0141odzi. Pracuj\u0105 tu&nbsp;<strong>najlepsi stomatolodzy<\/strong>, kt\u00f3rych wiedza potwierdzona jest licznymi certyfikatami. \u015awiadczymy szerok\u0105 gam\u0119&nbsp;<strong>us\u0142ug stomatologicznych.&nbsp;<\/strong><br>Wykorzystujemy najlepszej jako\u015bci&nbsp;<strong>sprz\u0119t stomatologiczny<\/strong>&nbsp;co sprawia, \u017ce&nbsp;<strong>zabiegi stomatologiczne<\/strong>&nbsp;trwaj\u0105 kr\u00f3tko i s\u0105 bezpieczne dla pacjenta. U\u017cywane najlepszej jako\u015bci materia\u0142y stomatologiczne zapewniaj\u0105 d\u0142ugotrwa\u0142y efekt leczenia. <br>Nasz\u0105 misj\u0105 jest&nbsp;<strong><a data-type=\"page\" data-id=\"429\" href=\"https:\/\/manhattandent.pl\/stomatolog\/leczenie-stomatologiczne-bez-bolu\/\">leczenie z\u0119b\u00f3w bez b\u00f3lu<\/a><\/strong>. Stosujemy metod\u0119&nbsp;<strong><a data-type=\"page\" data-id=\"259\" href=\"https:\/\/manhattandent.pl\/stomatolog\/leczenie-bezwiertlowe\/\">abrazji powietrznej<\/a><\/strong>&nbsp;czyli stomatologi\u0119 bez wiert\u0142a. Jeste\u015bmy&nbsp;<strong><a href=\"https:\/\/manhattandent.pl\/stomatolog\/cennik-stomatologia-dziecieca\/\">gabinetem przyjaznym dla ma\u0142ego pacjenta<\/a><\/strong>. <br>Zapraszamy wszystkie dzieci, \u017ceby od najm\u0142odszych lat nauczy\u0142y si\u0119 dbania o z\u0119by i z przyjemno\u015bci\u0105 przychodzi\u0142y na ka\u017cd\u0105 wizyt\u0119 u dentysty.<\/p>\n\n\n\n<p style=\"padding-right:0rem;padding-bottom:var(--wp--preset--spacing--20);padding-left:0rem;font-size:16px;line-height:1.8\"><br><br>Manhattan-dent to nowoczesny gabinet stomatologiczny w \u0141odzi przy ul. Bia\u0142ostockiej 7. Oferujemy kompleksow\u0105 opiek\u0119 dentystyczn\u0105 dla doros\u0142ych i dzieci, stawiaj\u0105c na leczenie bez b\u00f3lu i przyjazn\u0105 atmosfer\u0119. Nasz\u0105 specjalno\u015bci\u0105 jest stomatologia bez wiert\u0142a, czyli metoda abrazji powietrznej, dzi\u0119ki kt\u00f3rej zabiegi s\u0105 szybkie, komfortowe i bezstresowe. Zesp\u00f3\u0142 do\u015bwiadczonych stomatolog\u00f3w, nowoczesny sprz\u0119t oraz materia\u0142y najwy\u017cszej jako\u015bci gwarantuj\u0105 trwa\u0142e efekty leczenia i pi\u0119kny u\u015bmiech. Zapraszamy zar\u00f3wno doros\u0142ych, jak i najm\u0142odszych pacjent\u00f3w, kt\u00f3rzy w naszym gabinecie ucz\u0105 si\u0119 dba\u0107 o z\u0119by od pierwszych wizyt.<\/p>\n<\/div><\/div>\n<\/div><\/div>\n\n\n\n<p><\/p>\n","protected":false},"excerpt":{"rendered":"<p>Gabinet Stomatologiczny \u0141\u00f3d\u017aManhattan-dent Gabinet Stomatologiczny Manhattan-dent&nbsp;to przyjazne dla Ciebie miejsce w pawilonie przy ulicy Bia\u0142ostockiej 7 w \u0141odzi. Pracuj\u0105 tu&nbsp;najlepsi stomatolodzy, kt\u00f3rych wiedza potwierdzona jest licznymi certyfikatami. \u015awiadczymy szerok\u0105 gam\u0119&nbsp;us\u0142ug stomatologicznych.&nbsp;Wykorzystujemy najlepszej jako\u015bci&nbsp;sprz\u0119t stomatologiczny&nbsp;co sprawia, \u017ce&nbsp;zabiegi stomatologiczne&nbsp;trwaj\u0105 kr\u00f3tko i s\u0105 bezpieczne dla pacjenta. U\u017cywane najlepszej jako\u015bci materia\u0142y stomatologiczne zapewniaj\u0105 d\u0142ugotrwa\u0142y efekt leczenia. Nasz\u0105 misj\u0105 jest&nbsp;leczenie&#8230;<\/p>\n","protected":false},"author":1,"featured_media":0,"parent":0,"menu_order":0,"comment_status":"closed","ping_status":"closed","template":"","meta":{"_kadence_starter_templates_imported_post":false,"_kad_post_transparent":"disable","_kad_post_title":"hide","_kad_post_layout":"fullwidth","_kad_post_sidebar_id":"","_kad_post_content_style":"unboxed","_kad_post_vertical_padding":"","_kad_post_feature":"hide","_kad_post_feature_position":"","_kad_post_header":false,"_kad_post_footer":false,"footnotes":""},"class_list":["post-32","page","type-page","status-publish","hentry"],"yoast_head":"<!-- This site is optimized with the Yoast SEO plugin v25.9 - https:\/\/yoast.com\/wordpress\/plugins\/seo\/ -->\n<title>Gabinet Stomatologiczny \u0141\u00f3d\u017a - Gabinet stomatologiczny Manhattan-dent<\/title>\n<meta name=\"description\" content=\"W gabinecie Stomatologicznym Manhattan-dent przy ulicy Bia\u0142ostockiej 7 w \u0141odzi, pracuj\u0105 najlepsi stomatolodzy. Poznaj nas i lecz z\u0119by bez b\u00f3lu\" \/>\n<meta name=\"robots\" content=\"index, follow, max-snippet:-1, max-image-preview:large, max-video-preview:-1\" \/>\n<link rel=\"canonical\" href=\"https:\/\/manhattandent.pl\/stomatolog\/\" \/>\n<meta property=\"og:locale\" content=\"pl_PL\" \/>\n<meta property=\"og:type\" content=\"article\" \/>\n<meta property=\"og:title\" content=\"Gabinet Stomatologiczny \u0141\u00f3d\u017a - Gabinet stomatologiczny Manhattan-dent\" \/>\n<meta property=\"og:description\" content=\"W gabinecie Stomatologicznym Manhattan-dent przy ulicy Bia\u0142ostockiej 7 w \u0141odzi, pracuj\u0105 najlepsi stomatolodzy. Poznaj nas i lecz z\u0119by bez b\u00f3lu\" \/>\n<meta property=\"og:url\" content=\"https:\/\/manhattandent.pl\/stomatolog\/\" \/>\n<meta property=\"og:site_name\" content=\"Gabinet stomatologiczny Manhattan-dent\" \/>\n<meta property=\"article:publisher\" content=\"https:\/\/www.facebook.com\/people\/Manhattan-Dent\/61550723380393\/\" \/>\n<meta property=\"article:modified_time\" content=\"2025-09-10T12:09:48+00:00\" \/>\n<meta name=\"twitter:card\" content=\"summary_large_image\" \/>\n<meta name=\"twitter:label1\" content=\"Szacowany czas czytania\" \/>\n\t<meta name=\"twitter:data1\" content=\"2 minuty\" \/>\n<script type=\"application\/ld+json\" class=\"yoast-schema-graph\">{\"@context\":\"https:\/\/schema.org\",\"@graph\":[{\"@type\":\"WebPage\",\"@id\":\"https:\/\/manhattandent.pl\/stomatolog\/\",\"url\":\"https:\/\/manhattandent.pl\/stomatolog\/\",\"name\":\"Gabinet Stomatologiczny \u0141\u00f3d\u017a - Gabinet stomatologiczny Manhattan-dent\",\"isPartOf\":{\"@id\":\"https:\/\/manhattandent.pl\/stomatolog\/#website\"},\"datePublished\":\"2023-08-07T19:42:53+00:00\",\"dateModified\":\"2025-09-10T12:09:48+00:00\",\"description\":\"W gabinecie Stomatologicznym Manhattan-dent przy ulicy Bia\u0142ostockiej 7 w \u0141odzi, pracuj\u0105 najlepsi stomatolodzy. Poznaj nas i lecz z\u0119by bez b\u00f3lu\",\"breadcrumb\":{\"@id\":\"https:\/\/manhattandent.pl\/stomatolog\/#breadcrumb\"},\"inLanguage\":\"pl-PL\",\"potentialAction\":[{\"@type\":\"ReadAction\",\"target\":[\"https:\/\/manhattandent.pl\/stomatolog\/\"]}]},{\"@type\":\"BreadcrumbList\",\"@id\":\"https:\/\/manhattandent.pl\/stomatolog\/#breadcrumb\",\"itemListElement\":[{\"@type\":\"ListItem\",\"position\":1,\"name\":\"Strona g\u0142\u00f3wna\",\"item\":\"https:\/\/manhattandent.pl\/stomatolog\/\"},{\"@type\":\"ListItem\",\"position\":2,\"name\":\"Gabinet Stomatologiczny \u0141\u00f3d\u017a\"}]},{\"@type\":\"WebSite\",\"@id\":\"https:\/\/manhattandent.pl\/stomatolog\/#website\",\"url\":\"https:\/\/manhattandent.pl\/stomatolog\/\",\"name\":\"Gabinet stomatologiczny Manhattan-dent \u0141\u00f3d\u017a\",\"description\":\"\",\"publisher\":{\"@id\":\"https:\/\/manhattandent.pl\/stomatolog\/#organization\"},\"alternateName\":\"stomatolog \u0141\u00f3d\u017a\",\"potentialAction\":[{\"@type\":\"SearchAction\",\"target\":{\"@type\":\"EntryPoint\",\"urlTemplate\":\"https:\/\/manhattandent.pl\/stomatolog\/?s={search_term_string}\"},\"query-input\":{\"@type\":\"PropertyValueSpecification\",\"valueRequired\":true,\"valueName\":\"search_term_string\"}}],\"inLanguage\":\"pl-PL\"},{\"@type\":\"Organization\",\"@id\":\"https:\/\/manhattandent.pl\/stomatolog\/#organization\",\"name\":\"Gabinet stomatologiczny Manhattan-dent \u0141\u00f3d\u017a\",\"alternateName\":\"Stomatolog \u0141\u00f3d\u017a\",\"url\":\"https:\/\/manhattandent.pl\/stomatolog\/\",\"logo\":{\"@type\":\"ImageObject\",\"inLanguage\":\"pl-PL\",\"@id\":\"https:\/\/manhattandent.pl\/stomatolog\/#\/schema\/logo\/image\/\",\"url\":\"https:\/\/i0.wp.com\/manhattandent.pl\/stomatolog\/wp-content\/uploads\/2023\/08\/cropped-logo.png?fit=236%2C110&ssl=1\",\"contentUrl\":\"https:\/\/i0.wp.com\/manhattandent.pl\/stomatolog\/wp-content\/uploads\/2023\/08\/cropped-logo.png?fit=236%2C110&ssl=1\",\"width\":236,\"height\":110,\"caption\":\"Gabinet stomatologiczny Manhattan-dent \u0141\u00f3d\u017a\"},\"image\":{\"@id\":\"https:\/\/manhattandent.pl\/stomatolog\/#\/schema\/logo\/image\/\"},\"sameAs\":[\"https:\/\/www.facebook.com\/people\/Manhattan-Dent\/61550723380393\/\"]}]}<\/script>\n<!-- \/ Yoast SEO plugin. -->","yoast_head_json":{"title":"Gabinet Stomatologiczny \u0141\u00f3d\u017a - Gabinet stomatologiczny Manhattan-dent","description":"W gabinecie Stomatologicznym Manhattan-dent przy ulicy Bia\u0142ostockiej 7 w \u0141odzi, pracuj\u0105 najlepsi stomatolodzy. Poznaj nas i lecz z\u0119by bez b\u00f3lu","robots":{"index":"index","follow":"follow","max-snippet":"max-snippet:-1","max-image-preview":"max-image-preview:large","max-video-preview":"max-video-preview:-1"},"canonical":"https:\/\/manhattandent.pl\/stomatolog\/","og_locale":"pl_PL","og_type":"article","og_title":"Gabinet Stomatologiczny \u0141\u00f3d\u017a - Gabinet stomatologiczny Manhattan-dent","og_description":"W gabinecie Stomatologicznym Manhattan-dent przy ulicy Bia\u0142ostockiej 7 w \u0141odzi, pracuj\u0105 najlepsi stomatolodzy. Poznaj nas i lecz z\u0119by bez b\u00f3lu","og_url":"https:\/\/manhattandent.pl\/stomatolog\/","og_site_name":"Gabinet stomatologiczny Manhattan-dent","article_publisher":"https:\/\/www.facebook.com\/people\/Manhattan-Dent\/61550723380393\/","article_modified_time":"2025-09-10T12:09:48+00:00","twitter_card":"summary_large_image","twitter_misc":{"Szacowany czas czytania":"2 minuty"},"schema":{"@context":"https:\/\/schema.org","@graph":[{"@type":"WebPage","@id":"https:\/\/manhattandent.pl\/stomatolog\/","url":"https:\/\/manhattandent.pl\/stomatolog\/","name":"Gabinet Stomatologiczny \u0141\u00f3d\u017a - Gabinet stomatologiczny Manhattan-dent","isPartOf":{"@id":"https:\/\/manhattandent.pl\/stomatolog\/#website"},"datePublished":"2023-08-07T19:42:53+00:00","dateModified":"2025-09-10T12:09:48+00:00","description":"W gabinecie Stomatologicznym Manhattan-dent przy ulicy Bia\u0142ostockiej 7 w \u0141odzi, pracuj\u0105 najlepsi stomatolodzy. Poznaj nas i lecz z\u0119by bez b\u00f3lu","breadcrumb":{"@id":"https:\/\/manhattandent.pl\/stomatolog\/#breadcrumb"},"inLanguage":"pl-PL","potentialAction":[{"@type":"ReadAction","target":["https:\/\/manhattandent.pl\/stomatolog\/"]}]},{"@type":"BreadcrumbList","@id":"https:\/\/manhattandent.pl\/stomatolog\/#breadcrumb","itemListElement":[{"@type":"ListItem","position":1,"name":"Strona g\u0142\u00f3wna","item":"https:\/\/manhattandent.pl\/stomatolog\/"},{"@type":"ListItem","position":2,"name":"Gabinet Stomatologiczny \u0141\u00f3d\u017a"}]},{"@type":"WebSite","@id":"https:\/\/manhattandent.pl\/stomatolog\/#website","url":"https:\/\/manhattandent.pl\/stomatolog\/","name":"Gabinet stomatologiczny Manhattan-dent \u0141\u00f3d\u017a","description":"","publisher":{"@id":"https:\/\/manhattandent.pl\/stomatolog\/#organization"},"alternateName":"stomatolog \u0141\u00f3d\u017a","potentialAction":[{"@type":"SearchAction","target":{"@type":"EntryPoint","urlTemplate":"https:\/\/manhattandent.pl\/stomatolog\/?s={search_term_string}"},"query-input":{"@type":"PropertyValueSpecification","valueRequired":true,"valueName":"search_term_string"}}],"inLanguage":"pl-PL"},{"@type":"Organization","@id":"https:\/\/manhattandent.pl\/stomatolog\/#organization","name":"Gabinet stomatologiczny Manhattan-dent \u0141\u00f3d\u017a","alternateName":"Stomatolog \u0141\u00f3d\u017a","url":"https:\/\/manhattandent.pl\/stomatolog\/","logo":{"@type":"ImageObject","inLanguage":"pl-PL","@id":"https:\/\/manhattandent.pl\/stomatolog\/#\/schema\/logo\/image\/","url":"https:\/\/i0.wp.com\/manhattandent.pl\/stomatolog\/wp-content\/uploads\/2023\/08\/cropped-logo.png?fit=236%2C110&ssl=1","contentUrl":"https:\/\/i0.wp.com\/manhattandent.pl\/stomatolog\/wp-content\/uploads\/2023\/08\/cropped-logo.png?fit=236%2C110&ssl=1","width":236,"height":110,"caption":"Gabinet stomatologiczny Manhattan-dent \u0141\u00f3d\u017a"},"image":{"@id":"https:\/\/manhattandent.pl\/stomatolog\/#\/schema\/logo\/image\/"},"sameAs":["https:\/\/www.facebook.com\/people\/Manhattan-Dent\/61550723380393\/"]}]}},"_links":{"self":[{"href":"https:\/\/manhattandent.pl\/stomatolog\/wp-json\/wp\/v2\/pages\/32","targetHints":{"allow":["GET"]}}],"collection":[{"href":"https:\/\/manhattandent.pl\/stomatolog\/wp-json\/wp\/v2\/pages"}],"about":[{"href":"https:\/\/manhattandent.pl\/stomatolog\/wp-json\/wp\/v2\/types\/page"}],"author":[{"embeddable":true,"href":"https:\/\/manhattandent.pl\/stomatolog\/wp-json\/wp\/v2\/users\/1"}],"replies":[{"embeddable":true,"href":"https:\/\/manhattandent.pl\/stomatolog\/wp-json\/wp\/v2\/comments?post=32"}],"version-history":[{"count":12,"href":"https:\/\/manhattandent.pl\/stomatolog\/wp-json\/wp\/v2\/pages\/32\/revisions"}],"predecessor-version":[{"id":852,"href":"https:\/\/manhattandent.pl\/stomatolog\/wp-json\/wp\/v2\/pages\/32\/revisions\/852"}],"wp:attachment":[{"href":"https:\/\/manhattandent.pl\/stomatolog\/wp-json\/wp\/v2\/media?parent=32"}],"curies":[{"name":"wp","href":"https:\/\/api.w.org\/{rel}","templated":true}]}}