{"id":372,"date":"2023-09-25T15:04:29","date_gmt":"2023-09-25T13:04:29","guid":{"rendered":"https:\/\/manhattandent.pl\/stomatolog\/?page_id=372"},"modified":"2023-10-20T22:30:04","modified_gmt":"2023-10-20T20:30:04","slug":"licowki","status":"publish","type":"page","link":"https:\/\/manhattandent.pl\/stomatolog\/licowki\/","title":{"rendered":"lic\u00f3wki"},"content":{"rendered":"\n<h2 class=\"wp-block-heading has-theme-palette-9-color has-theme-palette-1-background-color has-text-color has-background\" style=\"text-transform:uppercase\"><strong>lic\u00f3wki porcelanowe<\/strong><\/h2>\n\n\n\n<p style=\"font-size:16px;line-height:1.6\">Lic\u00f3wki porcelanowe s\u0105 cienkimi nak\u0142adkami porcelanowymi, kt\u00f3re przyklejone s\u0105 na przednie powierzchnie z\u0119b\u00f3w. Pozwalaj\u0105 one skorygowa\u0107 wszystkie niedoskona\u0142o\u015bci z\u0119b\u00f3w dotycz\u0105ce koloru, kszta\u0142tu, jak r\u00f3wnie\u017c po\u0142o\u017cenia z\u0119b\u00f3w w \u0142uku z\u0119bowym. Mo\u017cemy je zastosowa\u0107 w przypadku przebarwie\u0144, plam i zmiany koloru z\u0119ba na bielszy.<\/p>\n\n\n\n<p style=\"font-size:16px;line-height:1.6\">Jest alternatyw\u0105 dla ortodoncji, je\u015bli chcemy zamkn\u0105\u0107 <strong>przerwy mi\u0119dzy z\u0119bami<\/strong> (diastemy).<\/p>\n\n\n<div class=\"wp-block-image\">\n<figure class=\"aligncenter size-large is-resized\"><img data-recalc-dims=\"1\" loading=\"lazy\" decoding=\"async\" width=\"1024\" height=\"706\" data-attachment-id=\"616\" data-permalink=\"https:\/\/manhattandent.pl\/stomatolog\/uslugi\/protetyka-lodz\/licowki-dentystyczne\/\" data-orig-file=\"https:\/\/i0.wp.com\/manhattandent.pl\/stomatolog\/wp-content\/uploads\/2023\/10\/licowki-dentystyczne.jpg?fit=2000%2C1378&amp;ssl=1\" data-orig-size=\"2000,1378\" data-comments-opened=\"1\" data-image-meta=\"{&quot;aperture&quot;:&quot;0&quot;,&quot;credit&quot;:&quot;&quot;,&quot;camera&quot;:&quot;&quot;,&quot;caption&quot;:&quot;&quot;,&quot;created_timestamp&quot;:&quot;0&quot;,&quot;copyright&quot;:&quot;&quot;,&quot;focal_length&quot;:&quot;0&quot;,&quot;iso&quot;:&quot;0&quot;,&quot;shutter_speed&quot;:&quot;0&quot;,&quot;title&quot;:&quot;&quot;,&quot;orientation&quot;:&quot;0&quot;}\" data-image-title=\"licowki-dentystyczne\" data-image-description=\"\" data-image-caption=\"\" data-medium-file=\"https:\/\/i0.wp.com\/manhattandent.pl\/stomatolog\/wp-content\/uploads\/2023\/10\/licowki-dentystyczne.jpg?fit=300%2C207&amp;ssl=1\" data-large-file=\"https:\/\/i0.wp.com\/manhattandent.pl\/stomatolog\/wp-content\/uploads\/2023\/10\/licowki-dentystyczne.jpg?fit=1024%2C706&amp;ssl=1\" src=\"https:\/\/i0.wp.com\/manhattandent.pl\/stomatolog\/wp-content\/uploads\/2023\/10\/licowki-dentystyczne.jpg?resize=1024%2C706&#038;ssl=1\" alt=\"lic\u00f3wki naz\u0119bne \u0141\u00f3d\u017a\" class=\"wp-image-616\" style=\"aspect-ratio:1.4504249291784703;width:467px;height:auto\" srcset=\"https:\/\/i0.wp.com\/manhattandent.pl\/stomatolog\/wp-content\/uploads\/2023\/10\/licowki-dentystyczne.jpg?resize=1024%2C706&amp;ssl=1 1024w, https:\/\/i0.wp.com\/manhattandent.pl\/stomatolog\/wp-content\/uploads\/2023\/10\/licowki-dentystyczne.jpg?resize=300%2C207&amp;ssl=1 300w, https:\/\/i0.wp.com\/manhattandent.pl\/stomatolog\/wp-content\/uploads\/2023\/10\/licowki-dentystyczne.jpg?resize=768%2C529&amp;ssl=1 768w, https:\/\/i0.wp.com\/manhattandent.pl\/stomatolog\/wp-content\/uploads\/2023\/10\/licowki-dentystyczne.jpg?resize=1536%2C1058&amp;ssl=1 1536w, https:\/\/i0.wp.com\/manhattandent.pl\/stomatolog\/wp-content\/uploads\/2023\/10\/licowki-dentystyczne.jpg?resize=168%2C116&amp;ssl=1 168w, https:\/\/i0.wp.com\/manhattandent.pl\/stomatolog\/wp-content\/uploads\/2023\/10\/licowki-dentystyczne.jpg?w=2000&amp;ssl=1 2000w\" sizes=\"auto, (max-width: 1024px) 100vw, 1024px\" \/><\/figure>\n<\/div>\n\n\n<div class=\"wp-block-group alignfull has-text-color has-background\" style=\"color:#000000;background-color:#ffffff\"><div class=\"wp-block-group__inner-container is-layout-flow wp-block-group-is-layout-flow\">\n<div style=\"height:64px\" aria-hidden=\"true\" class=\"wp-block-spacer\"><\/div>\n\n\n\n<div class=\"wp-block-buttons is-content-justification-left is-layout-flex wp-container-core-buttons-is-layout-23b93fc6 wp-block-buttons-is-layout-flex\">\n<div class=\"wp-block-button has-custom-width wp-block-button__width-25\"><a class=\"wp-block-button__link wp-element-button\" href=\"https:\/\/manhattandent.pl\/stomatolog\/stomatologia-estetyczna\/\">&lt;&lt; wr\u00f3\u0107 do oferty stomatologii estetycznej<\/a><\/div>\n<\/div>\n\n\n\n<h2 class=\"wp-block-heading has-text-align-center\" id=\"schedule-a-visit\" style=\"font-size:59px;line-height:1.15\"><strong>Zaplanuj wizyt\u0119<\/strong><\/h2>\n\n\n\n<div class=\"wp-block-buttons is-horizontal is-content-justification-center is-layout-flex wp-container-core-buttons-is-layout-499968f5 wp-block-buttons-is-layout-flex\">\n<div class=\"wp-block-button has-custom-width wp-block-button__width-50 has-custom-font-size has-medium-font-size\"><a class=\"wp-block-button__link has-luminous-vivid-orange-to-vivid-red-gradient-background has-text-color has-background wp-element-button\" href=\"https:\/\/manhattandent.pl\/stomatolog\/kontakt\/\" style=\"border-radius:50px;color:#ffffff\">Skontaktuj si\u0119 z nami<\/a><\/div>\n<\/div>\n\n\n\n<div style=\"height:64px\" aria-hidden=\"true\" class=\"wp-block-spacer\"><\/div>\n<\/div><\/div>\n","protected":false},"excerpt":{"rendered":"<p>lic\u00f3wki porcelanowe Lic\u00f3wki porcelanowe s\u0105 cienkimi nak\u0142adkami porcelanowymi, kt\u00f3re przyklejone s\u0105 na przednie powierzchnie z\u0119b\u00f3w. Pozwalaj\u0105 one skorygowa\u0107 wszystkie niedoskona\u0142o\u015bci z\u0119b\u00f3w dotycz\u0105ce koloru, kszta\u0142tu, jak r\u00f3wnie\u017c po\u0142o\u017cenia z\u0119b\u00f3w w \u0142uku z\u0119bowym. Mo\u017cemy je zastosowa\u0107 w przypadku przebarwie\u0144, plam i zmiany koloru z\u0119ba na bielszy. Jest alternatyw\u0105 dla ortodoncji, je\u015bli chcemy zamkn\u0105\u0107 przerwy mi\u0119dzy z\u0119bami (diastemy)&#8230;.<\/p>\n","protected":false},"author":1,"featured_media":0,"parent":0,"menu_order":0,"comment_status":"closed","ping_status":"closed","template":"","meta":{"_kadence_starter_templates_imported_post":false,"_kad_post_transparent":"","_kad_post_title":"","_kad_post_layout":"","_kad_post_sidebar_id":"","_kad_post_content_style":"","_kad_post_vertical_padding":"","_kad_post_feature":"","_kad_post_feature_position":"","_kad_post_header":false,"_kad_post_footer":false,"footnotes":""},"class_list":["post-372","page","type-page","status-publish","hentry"],"yoast_head":"<!-- This site is optimized with the Yoast SEO plugin v25.9 - https:\/\/yoast.com\/wordpress\/plugins\/seo\/ -->\n<title>lic\u00f3wki - Gabinet stomatologiczny Manhattan-dent<\/title>\n<meta name=\"description\" content=\"Lic\u00f3wki porcelanowe s\u0105 cienkimi nak\u0142adkami porcelanowymi, kt\u00f3re przyklejone s\u0105 na przednie powierzchnie z\u0119b\u00f3w. W gabinecie w \u0141odzi mo\u017cesz...\" \/>\n<meta name=\"robots\" content=\"index, follow, max-snippet:-1, max-image-preview:large, max-video-preview:-1\" \/>\n<link rel=\"canonical\" href=\"https:\/\/manhattandent.pl\/stomatolog\/licowki\/\" \/>\n<meta property=\"og:locale\" content=\"pl_PL\" \/>\n<meta property=\"og:type\" content=\"article\" \/>\n<meta property=\"og:title\" content=\"lic\u00f3wki - Gabinet stomatologiczny Manhattan-dent\" \/>\n<meta property=\"og:description\" content=\"Lic\u00f3wki porcelanowe s\u0105 cienkimi nak\u0142adkami porcelanowymi, kt\u00f3re przyklejone s\u0105 na przednie powierzchnie z\u0119b\u00f3w. W gabinecie w \u0141odzi mo\u017cesz...\" \/>\n<meta property=\"og:url\" content=\"https:\/\/manhattandent.pl\/stomatolog\/licowki\/\" \/>\n<meta property=\"og:site_name\" content=\"Gabinet stomatologiczny Manhattan-dent\" \/>\n<meta property=\"article:publisher\" content=\"https:\/\/www.facebook.com\/people\/Manhattan-Dent\/61550723380393\/\" \/>\n<meta property=\"article:modified_time\" content=\"2023-10-20T20:30:04+00:00\" \/>\n<meta property=\"og:image\" content=\"https:\/\/manhattandent.pl\/stomatolog\/wp-content\/uploads\/2023\/10\/licowki-dentystyczne-1024x706.jpg\" \/>\n<meta name=\"twitter:card\" content=\"summary_large_image\" \/>\n<meta name=\"twitter:label1\" content=\"Szacowany czas czytania\" \/>\n\t<meta name=\"twitter:data1\" content=\"1 minuta\" \/>\n<script type=\"application\/ld+json\" class=\"yoast-schema-graph\">{\"@context\":\"https:\/\/schema.org\",\"@graph\":[{\"@type\":\"WebPage\",\"@id\":\"https:\/\/manhattandent.pl\/stomatolog\/licowki\/\",\"url\":\"https:\/\/manhattandent.pl\/stomatolog\/licowki\/\",\"name\":\"lic\u00f3wki - Gabinet stomatologiczny Manhattan-dent\",\"isPartOf\":{\"@id\":\"https:\/\/manhattandent.pl\/stomatolog\/#website\"},\"primaryImageOfPage\":{\"@id\":\"https:\/\/manhattandent.pl\/stomatolog\/licowki\/#primaryimage\"},\"image\":{\"@id\":\"https:\/\/manhattandent.pl\/stomatolog\/licowki\/#primaryimage\"},\"thumbnailUrl\":\"https:\/\/manhattandent.pl\/stomatolog\/wp-content\/uploads\/2023\/10\/licowki-dentystyczne-1024x706.jpg\",\"datePublished\":\"2023-09-25T13:04:29+00:00\",\"dateModified\":\"2023-10-20T20:30:04+00:00\",\"description\":\"Lic\u00f3wki porcelanowe s\u0105 cienkimi nak\u0142adkami porcelanowymi, kt\u00f3re przyklejone s\u0105 na przednie powierzchnie z\u0119b\u00f3w. W gabinecie w \u0141odzi mo\u017cesz...\",\"breadcrumb\":{\"@id\":\"https:\/\/manhattandent.pl\/stomatolog\/licowki\/#breadcrumb\"},\"inLanguage\":\"pl-PL\",\"potentialAction\":[{\"@type\":\"ReadAction\",\"target\":[\"https:\/\/manhattandent.pl\/stomatolog\/licowki\/\"]}]},{\"@type\":\"ImageObject\",\"inLanguage\":\"pl-PL\",\"@id\":\"https:\/\/manhattandent.pl\/stomatolog\/licowki\/#primaryimage\",\"url\":\"https:\/\/i0.wp.com\/manhattandent.pl\/stomatolog\/wp-content\/uploads\/2023\/10\/licowki-dentystyczne.jpg?fit=2000%2C1378&ssl=1\",\"contentUrl\":\"https:\/\/i0.wp.com\/manhattandent.pl\/stomatolog\/wp-content\/uploads\/2023\/10\/licowki-dentystyczne.jpg?fit=2000%2C1378&ssl=1\",\"width\":2000,\"height\":1378,\"caption\":\"lic\u00f3wki naz\u0119bne \u0141\u00f3d\u017a\"},{\"@type\":\"BreadcrumbList\",\"@id\":\"https:\/\/manhattandent.pl\/stomatolog\/licowki\/#breadcrumb\",\"itemListElement\":[{\"@type\":\"ListItem\",\"position\":1,\"name\":\"Strona g\u0142\u00f3wna\",\"item\":\"https:\/\/manhattandent.pl\/stomatolog\/\"},{\"@type\":\"ListItem\",\"position\":2,\"name\":\"lic\u00f3wki\"}]},{\"@type\":\"WebSite\",\"@id\":\"https:\/\/manhattandent.pl\/stomatolog\/#website\",\"url\":\"https:\/\/manhattandent.pl\/stomatolog\/\",\"name\":\"Gabinet stomatologiczny Manhattan-dent \u0141\u00f3d\u017a\",\"description\":\"\",\"publisher\":{\"@id\":\"https:\/\/manhattandent.pl\/stomatolog\/#organization\"},\"alternateName\":\"stomatolog \u0141\u00f3d\u017a\",\"potentialAction\":[{\"@type\":\"SearchAction\",\"target\":{\"@type\":\"EntryPoint\",\"urlTemplate\":\"https:\/\/manhattandent.pl\/stomatolog\/?s={search_term_string}\"},\"query-input\":{\"@type\":\"PropertyValueSpecification\",\"valueRequired\":true,\"valueName\":\"search_term_string\"}}],\"inLanguage\":\"pl-PL\"},{\"@type\":\"Organization\",\"@id\":\"https:\/\/manhattandent.pl\/stomatolog\/#organization\",\"name\":\"Gabinet stomatologiczny Manhattan-dent \u0141\u00f3d\u017a\",\"alternateName\":\"Stomatolog \u0141\u00f3d\u017a\",\"url\":\"https:\/\/manhattandent.pl\/stomatolog\/\",\"logo\":{\"@type\":\"ImageObject\",\"inLanguage\":\"pl-PL\",\"@id\":\"https:\/\/manhattandent.pl\/stomatolog\/#\/schema\/logo\/image\/\",\"url\":\"https:\/\/i0.wp.com\/manhattandent.pl\/stomatolog\/wp-content\/uploads\/2023\/08\/cropped-logo.png?fit=236%2C110&ssl=1\",\"contentUrl\":\"https:\/\/i0.wp.com\/manhattandent.pl\/stomatolog\/wp-content\/uploads\/2023\/08\/cropped-logo.png?fit=236%2C110&ssl=1\",\"width\":236,\"height\":110,\"caption\":\"Gabinet stomatologiczny Manhattan-dent \u0141\u00f3d\u017a\"},\"image\":{\"@id\":\"https:\/\/manhattandent.pl\/stomatolog\/#\/schema\/logo\/image\/\"},\"sameAs\":[\"https:\/\/www.facebook.com\/people\/Manhattan-Dent\/61550723380393\/\"]}]}<\/script>\n<!-- \/ Yoast SEO plugin. -->","yoast_head_json":{"title":"lic\u00f3wki - Gabinet stomatologiczny Manhattan-dent","description":"Lic\u00f3wki porcelanowe s\u0105 cienkimi nak\u0142adkami porcelanowymi, kt\u00f3re przyklejone s\u0105 na przednie powierzchnie z\u0119b\u00f3w. W gabinecie w \u0141odzi mo\u017cesz...","robots":{"index":"index","follow":"follow","max-snippet":"max-snippet:-1","max-image-preview":"max-image-preview:large","max-video-preview":"max-video-preview:-1"},"canonical":"https:\/\/manhattandent.pl\/stomatolog\/licowki\/","og_locale":"pl_PL","og_type":"article","og_title":"lic\u00f3wki - Gabinet stomatologiczny Manhattan-dent","og_description":"Lic\u00f3wki porcelanowe s\u0105 cienkimi nak\u0142adkami porcelanowymi, kt\u00f3re przyklejone s\u0105 na przednie powierzchnie z\u0119b\u00f3w. W gabinecie w \u0141odzi mo\u017cesz...","og_url":"https:\/\/manhattandent.pl\/stomatolog\/licowki\/","og_site_name":"Gabinet stomatologiczny Manhattan-dent","article_publisher":"https:\/\/www.facebook.com\/people\/Manhattan-Dent\/61550723380393\/","article_modified_time":"2023-10-20T20:30:04+00:00","og_image":[{"url":"https:\/\/manhattandent.pl\/stomatolog\/wp-content\/uploads\/2023\/10\/licowki-dentystyczne-1024x706.jpg","type":"","width":"","height":""}],"twitter_card":"summary_large_image","twitter_misc":{"Szacowany czas czytania":"1 minuta"},"schema":{"@context":"https:\/\/schema.org","@graph":[{"@type":"WebPage","@id":"https:\/\/manhattandent.pl\/stomatolog\/licowki\/","url":"https:\/\/manhattandent.pl\/stomatolog\/licowki\/","name":"lic\u00f3wki - Gabinet stomatologiczny Manhattan-dent","isPartOf":{"@id":"https:\/\/manhattandent.pl\/stomatolog\/#website"},"primaryImageOfPage":{"@id":"https:\/\/manhattandent.pl\/stomatolog\/licowki\/#primaryimage"},"image":{"@id":"https:\/\/manhattandent.pl\/stomatolog\/licowki\/#primaryimage"},"thumbnailUrl":"https:\/\/manhattandent.pl\/stomatolog\/wp-content\/uploads\/2023\/10\/licowki-dentystyczne-1024x706.jpg","datePublished":"2023-09-25T13:04:29+00:00","dateModified":"2023-10-20T20:30:04+00:00","description":"Lic\u00f3wki porcelanowe s\u0105 cienkimi nak\u0142adkami porcelanowymi, kt\u00f3re przyklejone s\u0105 na przednie powierzchnie z\u0119b\u00f3w. W gabinecie w \u0141odzi mo\u017cesz...","breadcrumb":{"@id":"https:\/\/manhattandent.pl\/stomatolog\/licowki\/#breadcrumb"},"inLanguage":"pl-PL","potentialAction":[{"@type":"ReadAction","target":["https:\/\/manhattandent.pl\/stomatolog\/licowki\/"]}]},{"@type":"ImageObject","inLanguage":"pl-PL","@id":"https:\/\/manhattandent.pl\/stomatolog\/licowki\/#primaryimage","url":"https:\/\/i0.wp.com\/manhattandent.pl\/stomatolog\/wp-content\/uploads\/2023\/10\/licowki-dentystyczne.jpg?fit=2000%2C1378&ssl=1","contentUrl":"https:\/\/i0.wp.com\/manhattandent.pl\/stomatolog\/wp-content\/uploads\/2023\/10\/licowki-dentystyczne.jpg?fit=2000%2C1378&ssl=1","width":2000,"height":1378,"caption":"lic\u00f3wki naz\u0119bne \u0141\u00f3d\u017a"},{"@type":"BreadcrumbList","@id":"https:\/\/manhattandent.pl\/stomatolog\/licowki\/#breadcrumb","itemListElement":[{"@type":"ListItem","position":1,"name":"Strona g\u0142\u00f3wna","item":"https:\/\/manhattandent.pl\/stomatolog\/"},{"@type":"ListItem","position":2,"name":"lic\u00f3wki"}]},{"@type":"WebSite","@id":"https:\/\/manhattandent.pl\/stomatolog\/#website","url":"https:\/\/manhattandent.pl\/stomatolog\/","name":"Gabinet stomatologiczny Manhattan-dent \u0141\u00f3d\u017a","description":"","publisher":{"@id":"https:\/\/manhattandent.pl\/stomatolog\/#organization"},"alternateName":"stomatolog \u0141\u00f3d\u017a","potentialAction":[{"@type":"SearchAction","target":{"@type":"EntryPoint","urlTemplate":"https:\/\/manhattandent.pl\/stomatolog\/?s={search_term_string}"},"query-input":{"@type":"PropertyValueSpecification","valueRequired":true,"valueName":"search_term_string"}}],"inLanguage":"pl-PL"},{"@type":"Organization","@id":"https:\/\/manhattandent.pl\/stomatolog\/#organization","name":"Gabinet stomatologiczny Manhattan-dent \u0141\u00f3d\u017a","alternateName":"Stomatolog \u0141\u00f3d\u017a","url":"https:\/\/manhattandent.pl\/stomatolog\/","logo":{"@type":"ImageObject","inLanguage":"pl-PL","@id":"https:\/\/manhattandent.pl\/stomatolog\/#\/schema\/logo\/image\/","url":"https:\/\/i0.wp.com\/manhattandent.pl\/stomatolog\/wp-content\/uploads\/2023\/08\/cropped-logo.png?fit=236%2C110&ssl=1","contentUrl":"https:\/\/i0.wp.com\/manhattandent.pl\/stomatolog\/wp-content\/uploads\/2023\/08\/cropped-logo.png?fit=236%2C110&ssl=1","width":236,"height":110,"caption":"Gabinet stomatologiczny Manhattan-dent \u0141\u00f3d\u017a"},"image":{"@id":"https:\/\/manhattandent.pl\/stomatolog\/#\/schema\/logo\/image\/"},"sameAs":["https:\/\/www.facebook.com\/people\/Manhattan-Dent\/61550723380393\/"]}]}},"_links":{"self":[{"href":"https:\/\/manhattandent.pl\/stomatolog\/wp-json\/wp\/v2\/pages\/372","targetHints":{"allow":["GET"]}}],"collection":[{"href":"https:\/\/manhattandent.pl\/stomatolog\/wp-json\/wp\/v2\/pages"}],"about":[{"href":"https:\/\/manhattandent.pl\/stomatolog\/wp-json\/wp\/v2\/types\/page"}],"author":[{"embeddable":true,"href":"https:\/\/manhattandent.pl\/stomatolog\/wp-json\/wp\/v2\/users\/1"}],"replies":[{"embeddable":true,"href":"https:\/\/manhattandent.pl\/stomatolog\/wp-json\/wp\/v2\/comments?post=372"}],"version-history":[{"count":2,"href":"https:\/\/manhattandent.pl\/stomatolog\/wp-json\/wp\/v2\/pages\/372\/revisions"}],"predecessor-version":[{"id":671,"href":"https:\/\/manhattandent.pl\/stomatolog\/wp-json\/wp\/v2\/pages\/372\/revisions\/671"}],"wp:attachment":[{"href":"https:\/\/manhattandent.pl\/stomatolog\/wp-json\/wp\/v2\/media?parent=372"}],"curies":[{"name":"wp","href":"https:\/\/api.w.org\/{rel}","templated":true}]}}