{"id":511,"date":"2023-10-03T23:10:36","date_gmt":"2023-10-03T21:10:36","guid":{"rendered":"https:\/\/manhattandent.pl\/stomatolog\/?page_id=511"},"modified":"2023-10-21T12:24:58","modified_gmt":"2023-10-21T10:24:58","slug":"znieczulenie-stomatologiczne","status":"publish","type":"page","link":"https:\/\/manhattandent.pl\/stomatolog\/znieczulenie-stomatologiczne\/","title":{"rendered":"znieczulenie stomatologiczne"},"content":{"rendered":"\n<p style=\"font-size:16px;line-height:1.6\">Obecnie wi\u0119kszo\u015b\u0107 pacjent\u00f3w przed zabiegami stomatologicznymi decyduje si\u0119 na znieczulenie. Do najcz\u0119\u015bciej wykonywanych znieczule\u0144 zaliczamy: <br>znieczulenie powierzchniowe i nasi\u0119kowe, przewodowe, \u015br\u00f3dwi\u0119zad\u0142owe i dowi\u0119zad\u0142owe.<\/p>\n\n\n\n<h2 class=\"wp-block-heading has-theme-palette-1-color has-text-color has-medium-font-size\" style=\"text-transform:uppercase\"><strong>Stomatologiczne ZNIECZULENIE POWIERZCHNIOWE I NASI\u0118KOWE<\/strong><\/h2>\n\n\n\n<p style=\"font-size:16px;line-height:1.6\">\u00a0<strong>Miejscowe znieczulenie powierzchniowe<\/strong> jest jednym z najcz\u0119\u015bciej stosowanych w stomatologii. Mo\u017cemy u\u017cy\u0107 jako pierwszy krok przed podaniem znieczulenia w zastrzyku lub jako jedyna forma znieczulenia.<\/p>\n\n\n\n<p style=\"font-size:16px;line-height:1.6\">Przed iniekcj\u0105 smarujemy miejsce wk\u0142ucia na b\u0142onie \u015bluzowej \u017celem znieczulaj\u0105cym \u017ceby pacjent nie odczuwa\u0142 b\u00f3lu podczas podawania znieczulenia. <br>Podajemy \u015brodek znieczulaj\u0105cy bardzo wolno. Nast\u0119puje blokada nerwu, kt\u00f3ry zaopatruje dan\u0105 okolic\u0119 i dlatego pacjent nie odczuwa b\u00f3lu, tylko lekkie odr\u0119twienie tego miejsca. Ten rodzaj znieczulenia stosujemy przy ma\u0142o bolesnych zabiegach np. scaling, piaskowanie<\/p>\n\n\n\n<p style=\"font-size:16px;line-height:1.6\">Podczas leczenia pr\u00f3chnicy mo\u017cemy <strong>znieczuli\u0107 nasi\u0119kowo<\/strong> lub <strong>przewodowo<\/strong>.<br>\u015arodek znieczulaj\u0105cy podawany jest wtedy nadokostnowo, jak najbli\u017cej wierzcho\u0142ka z\u0119ba, kt\u00f3ry ma by\u0107 leczony.<br>Po kilku chwilach pacjent traci czucie w danej okolicy, a cz\u0119sto r\u00f3wnie\u017c w j\u0119zyku i policzkach.<\/p>\n\n\n\n<h3 class=\"wp-block-heading has-theme-palette-1-color has-text-color has-medium-font-size\"><strong>ZNIECZULENIE DOWI\u0118ZAD\u0141OWE I \u015aR\u00d3DWI\u0118ZAD\u0141OWE<\/strong><\/h3>\n\n\n\n<p style=\"font-size:16px;line-height:1.6\"><strong>Dowi\u0119zad\u0142owo<\/strong> lub \u015br\u00f3dwi\u0119zad\u0142owo znieczulamy pojedyncze z\u0119by. Podczas znieczulenia podajemy \u015brodek znieczulaj\u0105cy do okostnej wok\u00f3\u0142 z\u0119ba.<\/p>\n\n\n\n<p style=\"font-size:16px;line-height:1.6\">W tym przypadku stosujemy ma\u0142\u0105 dawk\u0119 znieczulenia, a zabieg wykonujemy przy u\u017cyciu specjalnej strzykawki do znieczule\u0144 \u015br\u00f3dwi\u0119zad\u0142owych np. Ori-Ject\u00a0 i bardzo cienkiej ig\u0142y. Pacjent nie traci czucia, poniewa\u017c taki rodzaj znieczulenia dzia\u0142a tylko na danego z\u0119ba.<\/p>\n\n\n\n<p style=\"font-size:16px;line-height:1.6\">Obecnie d\u0105\u017cymy do uzyskania takiej metody podania anastetyku, kt\u00f3ra spowoduje jak najmniejszy dyskomfort, b\u0119dzie niebolesna, atraumatyczna o wysokiej efektywno\u015bci i dobrze akceptowana przez pacjenta.<\/p>\n\n\n\n<p style=\"font-size:16px;line-height:1.6\">Z tego powodu w ostatnich latach we wszystkich specjalno\u015bciach stomatologicznych coraz cz\u0119\u015bciej stosujemy komputerowe systemy podawania znieczule\u0144 \u015br\u00f3dwi\u0119zad\u0142owych. Pozwalaj\u0105 one na znieczulenie tylko pojedynczych z\u0119b\u00f3w i tkanek najbli\u017cszych a nie powoduj\u0105 odr\u0119twienia ca\u0142ej znieczulanej\u00a0okolicy.\u00a0Nie ma wra\u017cenia zdr\u0119twienia wargi, policzka i j\u0119zyka, tak jak ma to miejsce przy innych znieczuleniach, <\/p>\n\n\n<div class=\"wp-block-image\">\n<figure class=\"alignright size-large is-resized\"><img data-recalc-dims=\"1\" loading=\"lazy\" decoding=\"async\" width=\"1024\" height=\"683\" data-attachment-id=\"528\" data-permalink=\"https:\/\/manhattandent.pl\/stomatolog\/znieczulenie-stomatologiczne\/znieczulenie-2\/\" data-orig-file=\"https:\/\/i0.wp.com\/manhattandent.pl\/stomatolog\/wp-content\/uploads\/2023\/10\/znieczulenie-2.jpg?fit=1800%2C1200&amp;ssl=1\" data-orig-size=\"1800,1200\" data-comments-opened=\"1\" data-image-meta=\"{&quot;aperture&quot;:&quot;0&quot;,&quot;credit&quot;:&quot;&quot;,&quot;camera&quot;:&quot;&quot;,&quot;caption&quot;:&quot;&quot;,&quot;created_timestamp&quot;:&quot;0&quot;,&quot;copyright&quot;:&quot;&quot;,&quot;focal_length&quot;:&quot;0&quot;,&quot;iso&quot;:&quot;0&quot;,&quot;shutter_speed&quot;:&quot;0&quot;,&quot;title&quot;:&quot;&quot;,&quot;orientation&quot;:&quot;0&quot;}\" data-image-title=\"znieczulenie-2\" data-image-description=\"\" data-image-caption=\"\" data-medium-file=\"https:\/\/i0.wp.com\/manhattandent.pl\/stomatolog\/wp-content\/uploads\/2023\/10\/znieczulenie-2.jpg?fit=300%2C200&amp;ssl=1\" data-large-file=\"https:\/\/i0.wp.com\/manhattandent.pl\/stomatolog\/wp-content\/uploads\/2023\/10\/znieczulenie-2.jpg?fit=1024%2C683&amp;ssl=1\" src=\"https:\/\/i0.wp.com\/manhattandent.pl\/stomatolog\/wp-content\/uploads\/2023\/10\/znieczulenie-2.jpg?resize=1024%2C683&#038;ssl=1\" alt=\"\" class=\"wp-image-528\" style=\"object-fit:cover;width:563px;height:375px\" srcset=\"https:\/\/i0.wp.com\/manhattandent.pl\/stomatolog\/wp-content\/uploads\/2023\/10\/znieczulenie-2.jpg?resize=1024%2C683&amp;ssl=1 1024w, https:\/\/i0.wp.com\/manhattandent.pl\/stomatolog\/wp-content\/uploads\/2023\/10\/znieczulenie-2.jpg?resize=300%2C200&amp;ssl=1 300w, https:\/\/i0.wp.com\/manhattandent.pl\/stomatolog\/wp-content\/uploads\/2023\/10\/znieczulenie-2.jpg?resize=768%2C512&amp;ssl=1 768w, https:\/\/i0.wp.com\/manhattandent.pl\/stomatolog\/wp-content\/uploads\/2023\/10\/znieczulenie-2.jpg?resize=1536%2C1024&amp;ssl=1 1536w, https:\/\/i0.wp.com\/manhattandent.pl\/stomatolog\/wp-content\/uploads\/2023\/10\/znieczulenie-2.jpg?resize=174%2C116&amp;ssl=1 174w, https:\/\/i0.wp.com\/manhattandent.pl\/stomatolog\/wp-content\/uploads\/2023\/10\/znieczulenie-2.jpg?w=1800&amp;ssl=1 1800w\" sizes=\"auto, (max-width: 1024px) 100vw, 1024px\" \/><\/figure>\n<\/div>\n\n\n<h2 class=\"wp-block-heading has-theme-palette-1-color has-text-color has-medium-font-size\"><strong>STOMATOLOGICZNE ZNIECZULENIE PRZEWODOWE<\/strong><\/h2>\n\n\n\n<p style=\"font-size:16px;line-height:1.6\">Wykonujemy wtedy, kiedy leczymy bardzo g\u0142\u0119bok\u0105 pr\u00f3chnic\u0119 lub wykonujemy zabieg chirurgiczny w \u017cuchwie. Dotyczy to g\u0142\u00f3wnie z\u0119b\u00f3w przedtrzonowych i trzonowych w \u017cuchwie.<\/p>\n\n\n\n<p style=\"font-size:16px;line-height:1.6\">\u015arodek znieczulaj\u0105cy deponujemy za pomoc\u0105 strzykawki stomatologicznej tzw. carpula blisko pnia nerwu. Wtedy obejmujemy znieczuleniem wi\u0119kszy obszar zabiegowy, jednak\u017ce mo\u017ce doj\u015b\u0107 do odr\u0119twienia policzka i j\u0119zyka.<\/p>\n\n\n\n<p style=\"font-size:16px;line-height:1.6\">Jest bardzo skuteczne, a efekt znieczulenia utrzymuje si\u0119 nawet przez kilka godzin po wykonanym zabiegu.<\/p>\n\n\n\n<div style=\"height:40px\" aria-hidden=\"true\" class=\"wp-block-spacer\"><\/div>\n\n\n\n<div class=\"wp-block-buttons is-content-justification-center is-layout-flex wp-container-core-buttons-is-layout-16018d1d wp-block-buttons-is-layout-flex\">\n<div class=\"wp-block-button\"><a class=\"wp-block-button__link wp-element-button\" href=\"https:\/\/manhattandent.pl\/stomatolog\/leczenie-stomatologiczne-bez-bolu\/\">zapoznaj si\u0119 z innymi metodami leczenia z\u0119b\u00f3w bez b\u00f3lu<\/a><\/div>\n<\/div>\n","protected":false},"excerpt":{"rendered":"<p>Obecnie wi\u0119kszo\u015b\u0107 pacjent\u00f3w przed zabiegami stomatologicznymi decyduje si\u0119 na znieczulenie. Do najcz\u0119\u015bciej wykonywanych znieczule\u0144 zaliczamy: znieczulenie powierzchniowe i nasi\u0119kowe, przewodowe, \u015br\u00f3dwi\u0119zad\u0142owe i dowi\u0119zad\u0142owe. Stomatologiczne ZNIECZULENIE POWIERZCHNIOWE I NASI\u0118KOWE \u00a0Miejscowe znieczulenie powierzchniowe jest jednym z najcz\u0119\u015bciej stosowanych w stomatologii. Mo\u017cemy u\u017cy\u0107 jako pierwszy krok przed podaniem znieczulenia w zastrzyku lub jako jedyna forma znieczulenia. Przed iniekcj\u0105&#8230;<\/p>\n","protected":false},"author":1,"featured_media":0,"parent":0,"menu_order":0,"comment_status":"closed","ping_status":"closed","template":"","meta":{"_kadence_starter_templates_imported_post":false,"_kad_post_transparent":"","_kad_post_title":"","_kad_post_layout":"","_kad_post_sidebar_id":"","_kad_post_content_style":"","_kad_post_vertical_padding":"","_kad_post_feature":"","_kad_post_feature_position":"","_kad_post_header":false,"_kad_post_footer":false,"footnotes":""},"class_list":["post-511","page","type-page","status-publish","hentry"],"yoast_head":"<!-- This site is optimized with the Yoast SEO plugin v25.9 - https:\/\/yoast.com\/wordpress\/plugins\/seo\/ -->\n<title>znieczulenie stomatologiczne - Gabinet stomatologiczny Manhattan-dent<\/title>\n<meta name=\"description\" content=\"Obecnie wi\u0119kszo\u015b\u0107 pacjent\u00f3w przed zabiegami stomatologicznymi decyduje si\u0119 na znieczulenie. Do najcz\u0119\u015bciej wykonywanych znieczule\u0144 zaliczamy:...\" \/>\n<meta name=\"robots\" content=\"index, follow, max-snippet:-1, max-image-preview:large, max-video-preview:-1\" \/>\n<link rel=\"canonical\" href=\"https:\/\/manhattandent.pl\/stomatolog\/znieczulenie-stomatologiczne\/\" \/>\n<meta property=\"og:locale\" content=\"pl_PL\" \/>\n<meta property=\"og:type\" content=\"article\" \/>\n<meta property=\"og:title\" content=\"znieczulenie stomatologiczne - Gabinet stomatologiczny Manhattan-dent\" \/>\n<meta property=\"og:description\" content=\"Obecnie wi\u0119kszo\u015b\u0107 pacjent\u00f3w przed zabiegami stomatologicznymi decyduje si\u0119 na znieczulenie. Do najcz\u0119\u015bciej wykonywanych znieczule\u0144 zaliczamy:...\" \/>\n<meta property=\"og:url\" content=\"https:\/\/manhattandent.pl\/stomatolog\/znieczulenie-stomatologiczne\/\" \/>\n<meta property=\"og:site_name\" content=\"Gabinet stomatologiczny Manhattan-dent\" \/>\n<meta property=\"article:publisher\" content=\"https:\/\/www.facebook.com\/people\/Manhattan-Dent\/61550723380393\/\" \/>\n<meta property=\"article:modified_time\" content=\"2023-10-21T10:24:58+00:00\" \/>\n<meta property=\"og:image\" content=\"https:\/\/manhattandent.pl\/stomatolog\/wp-content\/uploads\/2023\/10\/znieczulenie-2-1024x683.jpg\" \/>\n<meta name=\"twitter:card\" content=\"summary_large_image\" \/>\n<meta name=\"twitter:label1\" content=\"Szacowany czas czytania\" \/>\n\t<meta name=\"twitter:data1\" content=\"3 minuty\" \/>\n<script type=\"application\/ld+json\" class=\"yoast-schema-graph\">{\"@context\":\"https:\/\/schema.org\",\"@graph\":[{\"@type\":\"WebPage\",\"@id\":\"https:\/\/manhattandent.pl\/stomatolog\/znieczulenie-stomatologiczne\/\",\"url\":\"https:\/\/manhattandent.pl\/stomatolog\/znieczulenie-stomatologiczne\/\",\"name\":\"znieczulenie stomatologiczne - Gabinet stomatologiczny Manhattan-dent\",\"isPartOf\":{\"@id\":\"https:\/\/manhattandent.pl\/stomatolog\/#website\"},\"primaryImageOfPage\":{\"@id\":\"https:\/\/manhattandent.pl\/stomatolog\/znieczulenie-stomatologiczne\/#primaryimage\"},\"image\":{\"@id\":\"https:\/\/manhattandent.pl\/stomatolog\/znieczulenie-stomatologiczne\/#primaryimage\"},\"thumbnailUrl\":\"https:\/\/manhattandent.pl\/stomatolog\/wp-content\/uploads\/2023\/10\/znieczulenie-2-1024x683.jpg\",\"datePublished\":\"2023-10-03T21:10:36+00:00\",\"dateModified\":\"2023-10-21T10:24:58+00:00\",\"description\":\"Obecnie wi\u0119kszo\u015b\u0107 pacjent\u00f3w przed zabiegami stomatologicznymi decyduje si\u0119 na znieczulenie. Do najcz\u0119\u015bciej wykonywanych znieczule\u0144 zaliczamy:...\",\"breadcrumb\":{\"@id\":\"https:\/\/manhattandent.pl\/stomatolog\/znieczulenie-stomatologiczne\/#breadcrumb\"},\"inLanguage\":\"pl-PL\",\"potentialAction\":[{\"@type\":\"ReadAction\",\"target\":[\"https:\/\/manhattandent.pl\/stomatolog\/znieczulenie-stomatologiczne\/\"]}]},{\"@type\":\"ImageObject\",\"inLanguage\":\"pl-PL\",\"@id\":\"https:\/\/manhattandent.pl\/stomatolog\/znieczulenie-stomatologiczne\/#primaryimage\",\"url\":\"https:\/\/i0.wp.com\/manhattandent.pl\/stomatolog\/wp-content\/uploads\/2023\/10\/znieczulenie-2.jpg?fit=1800%2C1200&ssl=1\",\"contentUrl\":\"https:\/\/i0.wp.com\/manhattandent.pl\/stomatolog\/wp-content\/uploads\/2023\/10\/znieczulenie-2.jpg?fit=1800%2C1200&ssl=1\",\"width\":1800,\"height\":1200},{\"@type\":\"BreadcrumbList\",\"@id\":\"https:\/\/manhattandent.pl\/stomatolog\/znieczulenie-stomatologiczne\/#breadcrumb\",\"itemListElement\":[{\"@type\":\"ListItem\",\"position\":1,\"name\":\"Strona g\u0142\u00f3wna\",\"item\":\"https:\/\/manhattandent.pl\/stomatolog\/\"},{\"@type\":\"ListItem\",\"position\":2,\"name\":\"znieczulenie stomatologiczne\"}]},{\"@type\":\"WebSite\",\"@id\":\"https:\/\/manhattandent.pl\/stomatolog\/#website\",\"url\":\"https:\/\/manhattandent.pl\/stomatolog\/\",\"name\":\"Gabinet stomatologiczny Manhattan-dent \u0141\u00f3d\u017a\",\"description\":\"\",\"publisher\":{\"@id\":\"https:\/\/manhattandent.pl\/stomatolog\/#organization\"},\"alternateName\":\"stomatolog \u0141\u00f3d\u017a\",\"potentialAction\":[{\"@type\":\"SearchAction\",\"target\":{\"@type\":\"EntryPoint\",\"urlTemplate\":\"https:\/\/manhattandent.pl\/stomatolog\/?s={search_term_string}\"},\"query-input\":{\"@type\":\"PropertyValueSpecification\",\"valueRequired\":true,\"valueName\":\"search_term_string\"}}],\"inLanguage\":\"pl-PL\"},{\"@type\":\"Organization\",\"@id\":\"https:\/\/manhattandent.pl\/stomatolog\/#organization\",\"name\":\"Gabinet stomatologiczny Manhattan-dent \u0141\u00f3d\u017a\",\"alternateName\":\"Stomatolog \u0141\u00f3d\u017a\",\"url\":\"https:\/\/manhattandent.pl\/stomatolog\/\",\"logo\":{\"@type\":\"ImageObject\",\"inLanguage\":\"pl-PL\",\"@id\":\"https:\/\/manhattandent.pl\/stomatolog\/#\/schema\/logo\/image\/\",\"url\":\"https:\/\/i0.wp.com\/manhattandent.pl\/stomatolog\/wp-content\/uploads\/2023\/08\/cropped-logo.png?fit=236%2C110&ssl=1\",\"contentUrl\":\"https:\/\/i0.wp.com\/manhattandent.pl\/stomatolog\/wp-content\/uploads\/2023\/08\/cropped-logo.png?fit=236%2C110&ssl=1\",\"width\":236,\"height\":110,\"caption\":\"Gabinet stomatologiczny Manhattan-dent \u0141\u00f3d\u017a\"},\"image\":{\"@id\":\"https:\/\/manhattandent.pl\/stomatolog\/#\/schema\/logo\/image\/\"},\"sameAs\":[\"https:\/\/www.facebook.com\/people\/Manhattan-Dent\/61550723380393\/\"]}]}<\/script>\n<!-- \/ Yoast SEO plugin. -->","yoast_head_json":{"title":"znieczulenie stomatologiczne - Gabinet stomatologiczny Manhattan-dent","description":"Obecnie wi\u0119kszo\u015b\u0107 pacjent\u00f3w przed zabiegami stomatologicznymi decyduje si\u0119 na znieczulenie. Do najcz\u0119\u015bciej wykonywanych znieczule\u0144 zaliczamy:...","robots":{"index":"index","follow":"follow","max-snippet":"max-snippet:-1","max-image-preview":"max-image-preview:large","max-video-preview":"max-video-preview:-1"},"canonical":"https:\/\/manhattandent.pl\/stomatolog\/znieczulenie-stomatologiczne\/","og_locale":"pl_PL","og_type":"article","og_title":"znieczulenie stomatologiczne - Gabinet stomatologiczny Manhattan-dent","og_description":"Obecnie wi\u0119kszo\u015b\u0107 pacjent\u00f3w przed zabiegami stomatologicznymi decyduje si\u0119 na znieczulenie. Do najcz\u0119\u015bciej wykonywanych znieczule\u0144 zaliczamy:...","og_url":"https:\/\/manhattandent.pl\/stomatolog\/znieczulenie-stomatologiczne\/","og_site_name":"Gabinet stomatologiczny Manhattan-dent","article_publisher":"https:\/\/www.facebook.com\/people\/Manhattan-Dent\/61550723380393\/","article_modified_time":"2023-10-21T10:24:58+00:00","og_image":[{"url":"https:\/\/manhattandent.pl\/stomatolog\/wp-content\/uploads\/2023\/10\/znieczulenie-2-1024x683.jpg","type":"","width":"","height":""}],"twitter_card":"summary_large_image","twitter_misc":{"Szacowany czas czytania":"3 minuty"},"schema":{"@context":"https:\/\/schema.org","@graph":[{"@type":"WebPage","@id":"https:\/\/manhattandent.pl\/stomatolog\/znieczulenie-stomatologiczne\/","url":"https:\/\/manhattandent.pl\/stomatolog\/znieczulenie-stomatologiczne\/","name":"znieczulenie stomatologiczne - Gabinet stomatologiczny Manhattan-dent","isPartOf":{"@id":"https:\/\/manhattandent.pl\/stomatolog\/#website"},"primaryImageOfPage":{"@id":"https:\/\/manhattandent.pl\/stomatolog\/znieczulenie-stomatologiczne\/#primaryimage"},"image":{"@id":"https:\/\/manhattandent.pl\/stomatolog\/znieczulenie-stomatologiczne\/#primaryimage"},"thumbnailUrl":"https:\/\/manhattandent.pl\/stomatolog\/wp-content\/uploads\/2023\/10\/znieczulenie-2-1024x683.jpg","datePublished":"2023-10-03T21:10:36+00:00","dateModified":"2023-10-21T10:24:58+00:00","description":"Obecnie wi\u0119kszo\u015b\u0107 pacjent\u00f3w przed zabiegami stomatologicznymi decyduje si\u0119 na znieczulenie. Do najcz\u0119\u015bciej wykonywanych znieczule\u0144 zaliczamy:...","breadcrumb":{"@id":"https:\/\/manhattandent.pl\/stomatolog\/znieczulenie-stomatologiczne\/#breadcrumb"},"inLanguage":"pl-PL","potentialAction":[{"@type":"ReadAction","target":["https:\/\/manhattandent.pl\/stomatolog\/znieczulenie-stomatologiczne\/"]}]},{"@type":"ImageObject","inLanguage":"pl-PL","@id":"https:\/\/manhattandent.pl\/stomatolog\/znieczulenie-stomatologiczne\/#primaryimage","url":"https:\/\/i0.wp.com\/manhattandent.pl\/stomatolog\/wp-content\/uploads\/2023\/10\/znieczulenie-2.jpg?fit=1800%2C1200&ssl=1","contentUrl":"https:\/\/i0.wp.com\/manhattandent.pl\/stomatolog\/wp-content\/uploads\/2023\/10\/znieczulenie-2.jpg?fit=1800%2C1200&ssl=1","width":1800,"height":1200},{"@type":"BreadcrumbList","@id":"https:\/\/manhattandent.pl\/stomatolog\/znieczulenie-stomatologiczne\/#breadcrumb","itemListElement":[{"@type":"ListItem","position":1,"name":"Strona g\u0142\u00f3wna","item":"https:\/\/manhattandent.pl\/stomatolog\/"},{"@type":"ListItem","position":2,"name":"znieczulenie stomatologiczne"}]},{"@type":"WebSite","@id":"https:\/\/manhattandent.pl\/stomatolog\/#website","url":"https:\/\/manhattandent.pl\/stomatolog\/","name":"Gabinet stomatologiczny Manhattan-dent \u0141\u00f3d\u017a","description":"","publisher":{"@id":"https:\/\/manhattandent.pl\/stomatolog\/#organization"},"alternateName":"stomatolog \u0141\u00f3d\u017a","potentialAction":[{"@type":"SearchAction","target":{"@type":"EntryPoint","urlTemplate":"https:\/\/manhattandent.pl\/stomatolog\/?s={search_term_string}"},"query-input":{"@type":"PropertyValueSpecification","valueRequired":true,"valueName":"search_term_string"}}],"inLanguage":"pl-PL"},{"@type":"Organization","@id":"https:\/\/manhattandent.pl\/stomatolog\/#organization","name":"Gabinet stomatologiczny Manhattan-dent \u0141\u00f3d\u017a","alternateName":"Stomatolog \u0141\u00f3d\u017a","url":"https:\/\/manhattandent.pl\/stomatolog\/","logo":{"@type":"ImageObject","inLanguage":"pl-PL","@id":"https:\/\/manhattandent.pl\/stomatolog\/#\/schema\/logo\/image\/","url":"https:\/\/i0.wp.com\/manhattandent.pl\/stomatolog\/wp-content\/uploads\/2023\/08\/cropped-logo.png?fit=236%2C110&ssl=1","contentUrl":"https:\/\/i0.wp.com\/manhattandent.pl\/stomatolog\/wp-content\/uploads\/2023\/08\/cropped-logo.png?fit=236%2C110&ssl=1","width":236,"height":110,"caption":"Gabinet stomatologiczny Manhattan-dent \u0141\u00f3d\u017a"},"image":{"@id":"https:\/\/manhattandent.pl\/stomatolog\/#\/schema\/logo\/image\/"},"sameAs":["https:\/\/www.facebook.com\/people\/Manhattan-Dent\/61550723380393\/"]}]}},"_links":{"self":[{"href":"https:\/\/manhattandent.pl\/stomatolog\/wp-json\/wp\/v2\/pages\/511","targetHints":{"allow":["GET"]}}],"collection":[{"href":"https:\/\/manhattandent.pl\/stomatolog\/wp-json\/wp\/v2\/pages"}],"about":[{"href":"https:\/\/manhattandent.pl\/stomatolog\/wp-json\/wp\/v2\/types\/page"}],"author":[{"embeddable":true,"href":"https:\/\/manhattandent.pl\/stomatolog\/wp-json\/wp\/v2\/users\/1"}],"replies":[{"embeddable":true,"href":"https:\/\/manhattandent.pl\/stomatolog\/wp-json\/wp\/v2\/comments?post=511"}],"version-history":[{"count":6,"href":"https:\/\/manhattandent.pl\/stomatolog\/wp-json\/wp\/v2\/pages\/511\/revisions"}],"predecessor-version":[{"id":714,"href":"https:\/\/manhattandent.pl\/stomatolog\/wp-json\/wp\/v2\/pages\/511\/revisions\/714"}],"wp:attachment":[{"href":"https:\/\/manhattandent.pl\/stomatolog\/wp-json\/wp\/v2\/media?parent=511"}],"curies":[{"name":"wp","href":"https:\/\/api.w.org\/{rel}","templated":true}]}}