{"id":630,"date":"2023-10-20T21:00:42","date_gmt":"2023-10-20T19:00:42","guid":{"rendered":"https:\/\/manhattandent.pl\/stomatolog\/?page_id=630"},"modified":"2023-10-21T13:11:52","modified_gmt":"2023-10-21T11:11:52","slug":"cennik-stomatologia-dziecieca","status":"publish","type":"page","link":"https:\/\/manhattandent.pl\/stomatolog\/cennik\/cennik-stomatologia-dziecieca\/","title":{"rendered":"cennik stomatologia dzieci\u0119ca"},"content":{"rendered":"\n<h2 class=\"wp-block-heading\">Przybli\u017cony cennik us\u0142ug stomatologii dzieci\u0119cej:<\/h2>\n\n\n\n<figure class=\"wp-block-table is-style-stripes\"><table><tbody><tr><td>Wizyta adaptacyjna(1\/2 h)<\/td><td>bezp\u0142atnie<\/td><\/tr><tr><td>Konsultacja (dziecko niewsp\u00f3\u0142pracuj\u0105ce)<\/td><td>150 PLN<\/td><\/tr><tr><td>Wype\u0142nienie z\u0119ba mlecznego<\/td><td>250 PLN<\/td><\/tr><tr><td>Opatrunek leczniczy (glasjonomer)<\/td><td>200 PLN<\/td><\/tr><tr><td>Leczenie kana\u0142owe z\u0119ba mlecznego (amputacja formo krezolowa)<\/td><td>300 PLN+cena odbudowy z\u0119ba<\/td><\/tr><tr><td>Lapisowanie z\u0119ba mlecznego azotanem srebra<\/td><td>150 PLN\/1 z\u0105b<\/td><\/tr><tr><td>Lakowanie z\u0119ba sta\u0142ego<\/td><td>200 PLN<\/td><\/tr><tr><td>Poszerzone lakowanie z\u0119ba sta\u0142ego<\/td><td>200-250 PLN<\/td><\/tr><tr><td>Oczyszczenie z\u0119b\u00f3w mlecznych z fluoryzacj\u0105<\/td><td>200-250 PLN<\/td><\/tr><\/tbody><\/table><\/figure>\n\n\n\n<p><\/p>\n\n\n\n<p><em>Podane warto\u015bci s\u0105 wielko\u015bciami przybli\u017conymi. O dok\u0142adn\u0105 wycen\u0119 zapytaj stomatologa podczas wizyty.<\/em><\/p>\n\n\n\n<div class=\"wp-block-buttons is-layout-flex wp-block-buttons-is-layout-flex\">\n<div class=\"wp-block-button\"><a class=\"wp-block-button__link wp-element-button\" href=\"https:\/\/manhattandent.pl\/stomatolog\/kontakt\/\">um\u00f3w si\u0119 na wizyt\u0119<\/a><\/div>\n\n\n\n<div class=\"wp-block-button\"><a class=\"wp-block-button__link wp-element-button\" href=\"https:\/\/manhattandent.pl\/stomatolog\/uslugi\/stomatologia-dziecieca\/\">zapoznaj si\u0119 z ofert\u0105 us\u0142ug za zakresu stomatologii dzieci\u0119cej<\/a><\/div>\n<\/div>\n","protected":false},"excerpt":{"rendered":"<p>Przybli\u017cony cennik us\u0142ug stomatologii dzieci\u0119cej: Wizyta adaptacyjna(1\/2 h) bezp\u0142atnie Konsultacja (dziecko niewsp\u00f3\u0142pracuj\u0105ce) 150 PLN Wype\u0142nienie z\u0119ba mlecznego 250 PLN Opatrunek leczniczy (glasjonomer) 200 PLN Leczenie kana\u0142owe z\u0119ba mlecznego (amputacja formo krezolowa) 300 PLN+cena odbudowy z\u0119ba Lapisowanie z\u0119ba mlecznego azotanem srebra 150 PLN\/1 z\u0105b Lakowanie z\u0119ba sta\u0142ego 200 PLN Poszerzone lakowanie z\u0119ba sta\u0142ego 200-250 PLN Oczyszczenie&#8230;<\/p>\n","protected":false},"author":1,"featured_media":0,"parent":17,"menu_order":5,"comment_status":"closed","ping_status":"closed","template":"","meta":{"_kadence_starter_templates_imported_post":false,"_kad_post_transparent":"","_kad_post_title":"","_kad_post_layout":"","_kad_post_sidebar_id":"","_kad_post_content_style":"","_kad_post_vertical_padding":"","_kad_post_feature":"","_kad_post_feature_position":"","_kad_post_header":false,"_kad_post_footer":false,"footnotes":""},"class_list":["post-630","page","type-page","status-publish","hentry"],"yoast_head":"<!-- This site is optimized with the Yoast SEO plugin v25.9 - https:\/\/yoast.com\/wordpress\/plugins\/seo\/ -->\n<title>cennik stomatologia dzieci\u0119ca - Gabinet stomatologiczny Manhattan-dent<\/title>\n<meta name=\"robots\" content=\"index, follow, max-snippet:-1, max-image-preview:large, max-video-preview:-1\" \/>\n<link rel=\"canonical\" href=\"https:\/\/manhattandent.pl\/stomatolog\/cennik\/cennik-stomatologia-dziecieca\/\" \/>\n<meta property=\"og:locale\" content=\"pl_PL\" \/>\n<meta property=\"og:type\" content=\"article\" \/>\n<meta property=\"og:title\" content=\"cennik stomatologia dzieci\u0119ca - Gabinet stomatologiczny Manhattan-dent\" \/>\n<meta property=\"og:description\" content=\"Przybli\u017cony cennik us\u0142ug stomatologii dzieci\u0119cej: Wizyta adaptacyjna(1\/2 h) bezp\u0142atnie Konsultacja (dziecko niewsp\u00f3\u0142pracuj\u0105ce) 150 PLN Wype\u0142nienie z\u0119ba mlecznego 250 PLN Opatrunek leczniczy (glasjonomer) 200 PLN Leczenie kana\u0142owe z\u0119ba mlecznego (amputacja formo krezolowa) 300 PLN+cena odbudowy z\u0119ba Lapisowanie z\u0119ba mlecznego azotanem srebra 150 PLN\/1 z\u0105b Lakowanie z\u0119ba sta\u0142ego 200 PLN Poszerzone lakowanie z\u0119ba sta\u0142ego 200-250 PLN Oczyszczenie...\" \/>\n<meta property=\"og:url\" content=\"https:\/\/manhattandent.pl\/stomatolog\/cennik\/cennik-stomatologia-dziecieca\/\" \/>\n<meta property=\"og:site_name\" content=\"Gabinet stomatologiczny Manhattan-dent\" \/>\n<meta property=\"article:publisher\" content=\"https:\/\/www.facebook.com\/people\/Manhattan-Dent\/61550723380393\/\" \/>\n<meta property=\"article:modified_time\" content=\"2023-10-21T11:11:52+00:00\" \/>\n<meta name=\"twitter:card\" content=\"summary_large_image\" \/>\n<meta name=\"twitter:label1\" content=\"Szacowany czas czytania\" \/>\n\t<meta name=\"twitter:data1\" content=\"1 minuta\" \/>\n<script type=\"application\/ld+json\" class=\"yoast-schema-graph\">{\"@context\":\"https:\/\/schema.org\",\"@graph\":[{\"@type\":\"WebPage\",\"@id\":\"https:\/\/manhattandent.pl\/stomatolog\/cennik\/cennik-stomatologia-dziecieca\/\",\"url\":\"https:\/\/manhattandent.pl\/stomatolog\/cennik\/cennik-stomatologia-dziecieca\/\",\"name\":\"cennik stomatologia dzieci\u0119ca - Gabinet stomatologiczny Manhattan-dent\",\"isPartOf\":{\"@id\":\"https:\/\/manhattandent.pl\/stomatolog\/#website\"},\"datePublished\":\"2023-10-20T19:00:42+00:00\",\"dateModified\":\"2023-10-21T11:11:52+00:00\",\"breadcrumb\":{\"@id\":\"https:\/\/manhattandent.pl\/stomatolog\/cennik\/cennik-stomatologia-dziecieca\/#breadcrumb\"},\"inLanguage\":\"pl-PL\",\"potentialAction\":[{\"@type\":\"ReadAction\",\"target\":[\"https:\/\/manhattandent.pl\/stomatolog\/cennik\/cennik-stomatologia-dziecieca\/\"]}]},{\"@type\":\"BreadcrumbList\",\"@id\":\"https:\/\/manhattandent.pl\/stomatolog\/cennik\/cennik-stomatologia-dziecieca\/#breadcrumb\",\"itemListElement\":[{\"@type\":\"ListItem\",\"position\":1,\"name\":\"Strona g\u0142\u00f3wna\",\"item\":\"https:\/\/manhattandent.pl\/stomatolog\/\"},{\"@type\":\"ListItem\",\"position\":2,\"name\":\"cennik\",\"item\":\"https:\/\/manhattandent.pl\/stomatolog\/cennik\/\"},{\"@type\":\"ListItem\",\"position\":3,\"name\":\"cennik stomatologia dzieci\u0119ca\"}]},{\"@type\":\"WebSite\",\"@id\":\"https:\/\/manhattandent.pl\/stomatolog\/#website\",\"url\":\"https:\/\/manhattandent.pl\/stomatolog\/\",\"name\":\"Gabinet stomatologiczny Manhattan-dent \u0141\u00f3d\u017a\",\"description\":\"\",\"publisher\":{\"@id\":\"https:\/\/manhattandent.pl\/stomatolog\/#organization\"},\"alternateName\":\"stomatolog \u0141\u00f3d\u017a\",\"potentialAction\":[{\"@type\":\"SearchAction\",\"target\":{\"@type\":\"EntryPoint\",\"urlTemplate\":\"https:\/\/manhattandent.pl\/stomatolog\/?s={search_term_string}\"},\"query-input\":{\"@type\":\"PropertyValueSpecification\",\"valueRequired\":true,\"valueName\":\"search_term_string\"}}],\"inLanguage\":\"pl-PL\"},{\"@type\":\"Organization\",\"@id\":\"https:\/\/manhattandent.pl\/stomatolog\/#organization\",\"name\":\"Gabinet stomatologiczny Manhattan-dent \u0141\u00f3d\u017a\",\"alternateName\":\"Stomatolog \u0141\u00f3d\u017a\",\"url\":\"https:\/\/manhattandent.pl\/stomatolog\/\",\"logo\":{\"@type\":\"ImageObject\",\"inLanguage\":\"pl-PL\",\"@id\":\"https:\/\/manhattandent.pl\/stomatolog\/#\/schema\/logo\/image\/\",\"url\":\"https:\/\/i0.wp.com\/manhattandent.pl\/stomatolog\/wp-content\/uploads\/2023\/08\/cropped-logo.png?fit=236%2C110&ssl=1\",\"contentUrl\":\"https:\/\/i0.wp.com\/manhattandent.pl\/stomatolog\/wp-content\/uploads\/2023\/08\/cropped-logo.png?fit=236%2C110&ssl=1\",\"width\":236,\"height\":110,\"caption\":\"Gabinet stomatologiczny Manhattan-dent \u0141\u00f3d\u017a\"},\"image\":{\"@id\":\"https:\/\/manhattandent.pl\/stomatolog\/#\/schema\/logo\/image\/\"},\"sameAs\":[\"https:\/\/www.facebook.com\/people\/Manhattan-Dent\/61550723380393\/\"]}]}<\/script>\n<!-- \/ Yoast SEO plugin. -->","yoast_head_json":{"title":"cennik stomatologia dzieci\u0119ca - Gabinet stomatologiczny Manhattan-dent","robots":{"index":"index","follow":"follow","max-snippet":"max-snippet:-1","max-image-preview":"max-image-preview:large","max-video-preview":"max-video-preview:-1"},"canonical":"https:\/\/manhattandent.pl\/stomatolog\/cennik\/cennik-stomatologia-dziecieca\/","og_locale":"pl_PL","og_type":"article","og_title":"cennik stomatologia dzieci\u0119ca - Gabinet stomatologiczny Manhattan-dent","og_description":"Przybli\u017cony cennik us\u0142ug stomatologii dzieci\u0119cej: Wizyta adaptacyjna(1\/2 h) bezp\u0142atnie Konsultacja (dziecko niewsp\u00f3\u0142pracuj\u0105ce) 150 PLN Wype\u0142nienie z\u0119ba mlecznego 250 PLN Opatrunek leczniczy (glasjonomer) 200 PLN Leczenie kana\u0142owe z\u0119ba mlecznego (amputacja formo krezolowa) 300 PLN+cena odbudowy z\u0119ba Lapisowanie z\u0119ba mlecznego azotanem srebra 150 PLN\/1 z\u0105b Lakowanie z\u0119ba sta\u0142ego 200 PLN Poszerzone lakowanie z\u0119ba sta\u0142ego 200-250 PLN Oczyszczenie...","og_url":"https:\/\/manhattandent.pl\/stomatolog\/cennik\/cennik-stomatologia-dziecieca\/","og_site_name":"Gabinet stomatologiczny Manhattan-dent","article_publisher":"https:\/\/www.facebook.com\/people\/Manhattan-Dent\/61550723380393\/","article_modified_time":"2023-10-21T11:11:52+00:00","twitter_card":"summary_large_image","twitter_misc":{"Szacowany czas czytania":"1 minuta"},"schema":{"@context":"https:\/\/schema.org","@graph":[{"@type":"WebPage","@id":"https:\/\/manhattandent.pl\/stomatolog\/cennik\/cennik-stomatologia-dziecieca\/","url":"https:\/\/manhattandent.pl\/stomatolog\/cennik\/cennik-stomatologia-dziecieca\/","name":"cennik stomatologia dzieci\u0119ca - Gabinet stomatologiczny Manhattan-dent","isPartOf":{"@id":"https:\/\/manhattandent.pl\/stomatolog\/#website"},"datePublished":"2023-10-20T19:00:42+00:00","dateModified":"2023-10-21T11:11:52+00:00","breadcrumb":{"@id":"https:\/\/manhattandent.pl\/stomatolog\/cennik\/cennik-stomatologia-dziecieca\/#breadcrumb"},"inLanguage":"pl-PL","potentialAction":[{"@type":"ReadAction","target":["https:\/\/manhattandent.pl\/stomatolog\/cennik\/cennik-stomatologia-dziecieca\/"]}]},{"@type":"BreadcrumbList","@id":"https:\/\/manhattandent.pl\/stomatolog\/cennik\/cennik-stomatologia-dziecieca\/#breadcrumb","itemListElement":[{"@type":"ListItem","position":1,"name":"Strona g\u0142\u00f3wna","item":"https:\/\/manhattandent.pl\/stomatolog\/"},{"@type":"ListItem","position":2,"name":"cennik","item":"https:\/\/manhattandent.pl\/stomatolog\/cennik\/"},{"@type":"ListItem","position":3,"name":"cennik stomatologia dzieci\u0119ca"}]},{"@type":"WebSite","@id":"https:\/\/manhattandent.pl\/stomatolog\/#website","url":"https:\/\/manhattandent.pl\/stomatolog\/","name":"Gabinet stomatologiczny Manhattan-dent \u0141\u00f3d\u017a","description":"","publisher":{"@id":"https:\/\/manhattandent.pl\/stomatolog\/#organization"},"alternateName":"stomatolog \u0141\u00f3d\u017a","potentialAction":[{"@type":"SearchAction","target":{"@type":"EntryPoint","urlTemplate":"https:\/\/manhattandent.pl\/stomatolog\/?s={search_term_string}"},"query-input":{"@type":"PropertyValueSpecification","valueRequired":true,"valueName":"search_term_string"}}],"inLanguage":"pl-PL"},{"@type":"Organization","@id":"https:\/\/manhattandent.pl\/stomatolog\/#organization","name":"Gabinet stomatologiczny Manhattan-dent \u0141\u00f3d\u017a","alternateName":"Stomatolog \u0141\u00f3d\u017a","url":"https:\/\/manhattandent.pl\/stomatolog\/","logo":{"@type":"ImageObject","inLanguage":"pl-PL","@id":"https:\/\/manhattandent.pl\/stomatolog\/#\/schema\/logo\/image\/","url":"https:\/\/i0.wp.com\/manhattandent.pl\/stomatolog\/wp-content\/uploads\/2023\/08\/cropped-logo.png?fit=236%2C110&ssl=1","contentUrl":"https:\/\/i0.wp.com\/manhattandent.pl\/stomatolog\/wp-content\/uploads\/2023\/08\/cropped-logo.png?fit=236%2C110&ssl=1","width":236,"height":110,"caption":"Gabinet stomatologiczny Manhattan-dent \u0141\u00f3d\u017a"},"image":{"@id":"https:\/\/manhattandent.pl\/stomatolog\/#\/schema\/logo\/image\/"},"sameAs":["https:\/\/www.facebook.com\/people\/Manhattan-Dent\/61550723380393\/"]}]}},"_links":{"self":[{"href":"https:\/\/manhattandent.pl\/stomatolog\/wp-json\/wp\/v2\/pages\/630","targetHints":{"allow":["GET"]}}],"collection":[{"href":"https:\/\/manhattandent.pl\/stomatolog\/wp-json\/wp\/v2\/pages"}],"about":[{"href":"https:\/\/manhattandent.pl\/stomatolog\/wp-json\/wp\/v2\/types\/page"}],"author":[{"embeddable":true,"href":"https:\/\/manhattandent.pl\/stomatolog\/wp-json\/wp\/v2\/users\/1"}],"replies":[{"embeddable":true,"href":"https:\/\/manhattandent.pl\/stomatolog\/wp-json\/wp\/v2\/comments?post=630"}],"version-history":[{"count":1,"href":"https:\/\/manhattandent.pl\/stomatolog\/wp-json\/wp\/v2\/pages\/630\/revisions"}],"predecessor-version":[{"id":631,"href":"https:\/\/manhattandent.pl\/stomatolog\/wp-json\/wp\/v2\/pages\/630\/revisions\/631"}],"up":[{"embeddable":true,"href":"https:\/\/manhattandent.pl\/stomatolog\/wp-json\/wp\/v2\/pages\/17"}],"wp:attachment":[{"href":"https:\/\/manhattandent.pl\/stomatolog\/wp-json\/wp\/v2\/media?parent=630"}],"curies":[{"name":"wp","href":"https:\/\/api.w.org\/{rel}","templated":true}]}}