{"id":734,"date":"2023-10-21T13:15:23","date_gmt":"2023-10-21T11:15:23","guid":{"rendered":"https:\/\/manhattandent.pl\/stomatolog\/?page_id=734"},"modified":"2025-04-17T15:07:15","modified_gmt":"2025-04-17T13:07:15","slug":"cennik-stomatologia-estetyczna","status":"publish","type":"page","link":"https:\/\/manhattandent.pl\/stomatolog\/cennik\/cennik-stomatologia-estetyczna\/","title":{"rendered":"cennik stomatologia estetyczna"},"content":{"rendered":"\n<p>Przybli\u017cony cennik us\u0142ug stomatologicznych z zakresu stomatologii estetycznej:<\/p>\n\n\n\n<figure class=\"wp-block-table is-style-stripes\"><table><tbody><tr><td colspan=\"2\"><strong>stomatologia estetyczna:<\/strong><\/td><\/tr><tr><td>Lic\u00f3wka kompozytowa (Enamel, SYNERGY D6)<\/td><td>400-450 PLN<\/td><\/tr><tr><td>Wybielanie nak\u0142adkowe(szyny + 2 strzykawki)<\/td><td>800 PLN<\/td><\/tr><tr><td>Wybielanie martwego z\u0119ba (max 2 wizyty)<\/td><td>300 PLN<\/td><\/tr><tr><td>Bi\u017cuteria naz\u0119bna<\/td><td>300 PLN<\/td><\/tr><tr><td>Lic\u00f3wka Componeer<\/td><td>800 PLN<\/td><\/tr><\/tbody><\/table><\/figure>\n\n\n\n<p><\/p>\n\n\n\n<p>Podane warto\u015bci s\u0105 wielko\u015bciami przybli\u017conymi. O dok\u0142adn\u0105 wycen\u0119 zapytaj stomatologa podczas wizyty.<\/p>\n\n\n\n<div class=\"wp-block-buttons is-layout-flex wp-block-buttons-is-layout-flex\">\n<div class=\"wp-block-button\"><a class=\"wp-block-button__link wp-element-button\" href=\"https:\/\/manhattandent.pl\/stomatolog\/kontakt\/\">um\u00f3w si\u0119 na wizyt\u0119<\/a><\/div>\n\n\n\n<div class=\"wp-block-button\"><a class=\"wp-block-button__link wp-element-button\" href=\"https:\/\/manhattandent.pl\/stomatolog\/stomatologia-estetyczna\/\">zapoznaj si\u0119 z ofert\u0105 us\u0142ug stomatologii estetycznej<\/a><\/div>\n<\/div>\n","protected":false},"excerpt":{"rendered":"<p>Przybli\u017cony cennik us\u0142ug stomatologicznych z zakresu stomatologii estetycznej: stomatologia estetyczna: Lic\u00f3wka kompozytowa (Enamel, SYNERGY D6) 400-450 PLN Wybielanie nak\u0142adkowe(szyny + 2 strzykawki) 800 PLN Wybielanie martwego z\u0119ba (max 2 wizyty) 300 PLN Bi\u017cuteria naz\u0119bna 300 PLN Lic\u00f3wka Componeer 800 PLN Podane warto\u015bci s\u0105 wielko\u015bciami przybli\u017conymi. O dok\u0142adn\u0105 wycen\u0119 zapytaj stomatologa podczas wizyty.<\/p>\n","protected":false},"author":1,"featured_media":0,"parent":17,"menu_order":6,"comment_status":"closed","ping_status":"closed","template":"","meta":{"_kadence_starter_templates_imported_post":false,"_kad_post_transparent":"","_kad_post_title":"","_kad_post_layout":"","_kad_post_sidebar_id":"","_kad_post_content_style":"","_kad_post_vertical_padding":"","_kad_post_feature":"","_kad_post_feature_position":"","_kad_post_header":false,"_kad_post_footer":false,"footnotes":""},"class_list":["post-734","page","type-page","status-publish","hentry"],"yoast_head":"<!-- This site is optimized with the Yoast SEO plugin v25.9 - https:\/\/yoast.com\/wordpress\/plugins\/seo\/ -->\n<title>cennik stomatologia estetyczna - Gabinet stomatologiczny Manhattan-dent<\/title>\n<meta name=\"description\" content=\"Cennikiem stomatologii estetycznej: lic\u00f3wki naz\u0119bne, wybielanie, bi\u017cuteria. Zapoznaj si\u0119 z ofert\u0105 us\u0142ug z zakresu stomatologii estetycznej\" \/>\n<meta name=\"robots\" content=\"index, follow, max-snippet:-1, max-image-preview:large, max-video-preview:-1\" \/>\n<link rel=\"canonical\" href=\"https:\/\/manhattandent.pl\/stomatolog\/cennik\/cennik-stomatologia-estetyczna\/\" \/>\n<meta property=\"og:locale\" content=\"pl_PL\" \/>\n<meta property=\"og:type\" content=\"article\" \/>\n<meta property=\"og:title\" content=\"cennik stomatologia estetyczna - Gabinet stomatologiczny Manhattan-dent\" \/>\n<meta property=\"og:description\" content=\"Cennikiem stomatologii estetycznej: lic\u00f3wki naz\u0119bne, wybielanie, bi\u017cuteria. Zapoznaj si\u0119 z ofert\u0105 us\u0142ug z zakresu stomatologii estetycznej\" \/>\n<meta property=\"og:url\" content=\"https:\/\/manhattandent.pl\/stomatolog\/cennik\/cennik-stomatologia-estetyczna\/\" \/>\n<meta property=\"og:site_name\" content=\"Gabinet stomatologiczny Manhattan-dent\" \/>\n<meta property=\"article:publisher\" content=\"https:\/\/www.facebook.com\/people\/Manhattan-Dent\/61550723380393\/\" \/>\n<meta property=\"article:modified_time\" content=\"2025-04-17T13:07:15+00:00\" \/>\n<meta name=\"twitter:card\" content=\"summary_large_image\" \/>\n<meta name=\"twitter:label1\" content=\"Szacowany czas czytania\" \/>\n\t<meta name=\"twitter:data1\" content=\"1 minuta\" \/>\n<script type=\"application\/ld+json\" class=\"yoast-schema-graph\">{\"@context\":\"https:\/\/schema.org\",\"@graph\":[{\"@type\":\"WebPage\",\"@id\":\"https:\/\/manhattandent.pl\/stomatolog\/cennik\/cennik-stomatologia-estetyczna\/\",\"url\":\"https:\/\/manhattandent.pl\/stomatolog\/cennik\/cennik-stomatologia-estetyczna\/\",\"name\":\"cennik stomatologia estetyczna - Gabinet stomatologiczny Manhattan-dent\",\"isPartOf\":{\"@id\":\"https:\/\/manhattandent.pl\/stomatolog\/#website\"},\"datePublished\":\"2023-10-21T11:15:23+00:00\",\"dateModified\":\"2025-04-17T13:07:15+00:00\",\"description\":\"Cennikiem stomatologii estetycznej: lic\u00f3wki naz\u0119bne, wybielanie, bi\u017cuteria. Zapoznaj si\u0119 z ofert\u0105 us\u0142ug z zakresu stomatologii estetycznej\",\"breadcrumb\":{\"@id\":\"https:\/\/manhattandent.pl\/stomatolog\/cennik\/cennik-stomatologia-estetyczna\/#breadcrumb\"},\"inLanguage\":\"pl-PL\",\"potentialAction\":[{\"@type\":\"ReadAction\",\"target\":[\"https:\/\/manhattandent.pl\/stomatolog\/cennik\/cennik-stomatologia-estetyczna\/\"]}]},{\"@type\":\"BreadcrumbList\",\"@id\":\"https:\/\/manhattandent.pl\/stomatolog\/cennik\/cennik-stomatologia-estetyczna\/#breadcrumb\",\"itemListElement\":[{\"@type\":\"ListItem\",\"position\":1,\"name\":\"Strona g\u0142\u00f3wna\",\"item\":\"https:\/\/manhattandent.pl\/stomatolog\/\"},{\"@type\":\"ListItem\",\"position\":2,\"name\":\"cennik\",\"item\":\"https:\/\/manhattandent.pl\/stomatolog\/cennik\/\"},{\"@type\":\"ListItem\",\"position\":3,\"name\":\"cennik stomatologia estetyczna\"}]},{\"@type\":\"WebSite\",\"@id\":\"https:\/\/manhattandent.pl\/stomatolog\/#website\",\"url\":\"https:\/\/manhattandent.pl\/stomatolog\/\",\"name\":\"Gabinet stomatologiczny Manhattan-dent \u0141\u00f3d\u017a\",\"description\":\"\",\"publisher\":{\"@id\":\"https:\/\/manhattandent.pl\/stomatolog\/#organization\"},\"alternateName\":\"stomatolog \u0141\u00f3d\u017a\",\"potentialAction\":[{\"@type\":\"SearchAction\",\"target\":{\"@type\":\"EntryPoint\",\"urlTemplate\":\"https:\/\/manhattandent.pl\/stomatolog\/?s={search_term_string}\"},\"query-input\":{\"@type\":\"PropertyValueSpecification\",\"valueRequired\":true,\"valueName\":\"search_term_string\"}}],\"inLanguage\":\"pl-PL\"},{\"@type\":\"Organization\",\"@id\":\"https:\/\/manhattandent.pl\/stomatolog\/#organization\",\"name\":\"Gabinet stomatologiczny Manhattan-dent \u0141\u00f3d\u017a\",\"alternateName\":\"Stomatolog \u0141\u00f3d\u017a\",\"url\":\"https:\/\/manhattandent.pl\/stomatolog\/\",\"logo\":{\"@type\":\"ImageObject\",\"inLanguage\":\"pl-PL\",\"@id\":\"https:\/\/manhattandent.pl\/stomatolog\/#\/schema\/logo\/image\/\",\"url\":\"https:\/\/i0.wp.com\/manhattandent.pl\/stomatolog\/wp-content\/uploads\/2023\/08\/cropped-logo.png?fit=236%2C110&ssl=1\",\"contentUrl\":\"https:\/\/i0.wp.com\/manhattandent.pl\/stomatolog\/wp-content\/uploads\/2023\/08\/cropped-logo.png?fit=236%2C110&ssl=1\",\"width\":236,\"height\":110,\"caption\":\"Gabinet stomatologiczny Manhattan-dent \u0141\u00f3d\u017a\"},\"image\":{\"@id\":\"https:\/\/manhattandent.pl\/stomatolog\/#\/schema\/logo\/image\/\"},\"sameAs\":[\"https:\/\/www.facebook.com\/people\/Manhattan-Dent\/61550723380393\/\"]}]}<\/script>\n<!-- \/ Yoast SEO plugin. -->","yoast_head_json":{"title":"cennik stomatologia estetyczna - Gabinet stomatologiczny Manhattan-dent","description":"Cennikiem stomatologii estetycznej: lic\u00f3wki naz\u0119bne, wybielanie, bi\u017cuteria. Zapoznaj si\u0119 z ofert\u0105 us\u0142ug z zakresu stomatologii estetycznej","robots":{"index":"index","follow":"follow","max-snippet":"max-snippet:-1","max-image-preview":"max-image-preview:large","max-video-preview":"max-video-preview:-1"},"canonical":"https:\/\/manhattandent.pl\/stomatolog\/cennik\/cennik-stomatologia-estetyczna\/","og_locale":"pl_PL","og_type":"article","og_title":"cennik stomatologia estetyczna - Gabinet stomatologiczny Manhattan-dent","og_description":"Cennikiem stomatologii estetycznej: lic\u00f3wki naz\u0119bne, wybielanie, bi\u017cuteria. Zapoznaj si\u0119 z ofert\u0105 us\u0142ug z zakresu stomatologii estetycznej","og_url":"https:\/\/manhattandent.pl\/stomatolog\/cennik\/cennik-stomatologia-estetyczna\/","og_site_name":"Gabinet stomatologiczny Manhattan-dent","article_publisher":"https:\/\/www.facebook.com\/people\/Manhattan-Dent\/61550723380393\/","article_modified_time":"2025-04-17T13:07:15+00:00","twitter_card":"summary_large_image","twitter_misc":{"Szacowany czas czytania":"1 minuta"},"schema":{"@context":"https:\/\/schema.org","@graph":[{"@type":"WebPage","@id":"https:\/\/manhattandent.pl\/stomatolog\/cennik\/cennik-stomatologia-estetyczna\/","url":"https:\/\/manhattandent.pl\/stomatolog\/cennik\/cennik-stomatologia-estetyczna\/","name":"cennik stomatologia estetyczna - Gabinet stomatologiczny Manhattan-dent","isPartOf":{"@id":"https:\/\/manhattandent.pl\/stomatolog\/#website"},"datePublished":"2023-10-21T11:15:23+00:00","dateModified":"2025-04-17T13:07:15+00:00","description":"Cennikiem stomatologii estetycznej: lic\u00f3wki naz\u0119bne, wybielanie, bi\u017cuteria. Zapoznaj si\u0119 z ofert\u0105 us\u0142ug z zakresu stomatologii estetycznej","breadcrumb":{"@id":"https:\/\/manhattandent.pl\/stomatolog\/cennik\/cennik-stomatologia-estetyczna\/#breadcrumb"},"inLanguage":"pl-PL","potentialAction":[{"@type":"ReadAction","target":["https:\/\/manhattandent.pl\/stomatolog\/cennik\/cennik-stomatologia-estetyczna\/"]}]},{"@type":"BreadcrumbList","@id":"https:\/\/manhattandent.pl\/stomatolog\/cennik\/cennik-stomatologia-estetyczna\/#breadcrumb","itemListElement":[{"@type":"ListItem","position":1,"name":"Strona g\u0142\u00f3wna","item":"https:\/\/manhattandent.pl\/stomatolog\/"},{"@type":"ListItem","position":2,"name":"cennik","item":"https:\/\/manhattandent.pl\/stomatolog\/cennik\/"},{"@type":"ListItem","position":3,"name":"cennik stomatologia estetyczna"}]},{"@type":"WebSite","@id":"https:\/\/manhattandent.pl\/stomatolog\/#website","url":"https:\/\/manhattandent.pl\/stomatolog\/","name":"Gabinet stomatologiczny Manhattan-dent \u0141\u00f3d\u017a","description":"","publisher":{"@id":"https:\/\/manhattandent.pl\/stomatolog\/#organization"},"alternateName":"stomatolog \u0141\u00f3d\u017a","potentialAction":[{"@type":"SearchAction","target":{"@type":"EntryPoint","urlTemplate":"https:\/\/manhattandent.pl\/stomatolog\/?s={search_term_string}"},"query-input":{"@type":"PropertyValueSpecification","valueRequired":true,"valueName":"search_term_string"}}],"inLanguage":"pl-PL"},{"@type":"Organization","@id":"https:\/\/manhattandent.pl\/stomatolog\/#organization","name":"Gabinet stomatologiczny Manhattan-dent \u0141\u00f3d\u017a","alternateName":"Stomatolog \u0141\u00f3d\u017a","url":"https:\/\/manhattandent.pl\/stomatolog\/","logo":{"@type":"ImageObject","inLanguage":"pl-PL","@id":"https:\/\/manhattandent.pl\/stomatolog\/#\/schema\/logo\/image\/","url":"https:\/\/i0.wp.com\/manhattandent.pl\/stomatolog\/wp-content\/uploads\/2023\/08\/cropped-logo.png?fit=236%2C110&ssl=1","contentUrl":"https:\/\/i0.wp.com\/manhattandent.pl\/stomatolog\/wp-content\/uploads\/2023\/08\/cropped-logo.png?fit=236%2C110&ssl=1","width":236,"height":110,"caption":"Gabinet stomatologiczny Manhattan-dent \u0141\u00f3d\u017a"},"image":{"@id":"https:\/\/manhattandent.pl\/stomatolog\/#\/schema\/logo\/image\/"},"sameAs":["https:\/\/www.facebook.com\/people\/Manhattan-Dent\/61550723380393\/"]}]}},"_links":{"self":[{"href":"https:\/\/manhattandent.pl\/stomatolog\/wp-json\/wp\/v2\/pages\/734","targetHints":{"allow":["GET"]}}],"collection":[{"href":"https:\/\/manhattandent.pl\/stomatolog\/wp-json\/wp\/v2\/pages"}],"about":[{"href":"https:\/\/manhattandent.pl\/stomatolog\/wp-json\/wp\/v2\/types\/page"}],"author":[{"embeddable":true,"href":"https:\/\/manhattandent.pl\/stomatolog\/wp-json\/wp\/v2\/users\/1"}],"replies":[{"embeddable":true,"href":"https:\/\/manhattandent.pl\/stomatolog\/wp-json\/wp\/v2\/comments?post=734"}],"version-history":[{"count":2,"href":"https:\/\/manhattandent.pl\/stomatolog\/wp-json\/wp\/v2\/pages\/734\/revisions"}],"predecessor-version":[{"id":821,"href":"https:\/\/manhattandent.pl\/stomatolog\/wp-json\/wp\/v2\/pages\/734\/revisions\/821"}],"up":[{"embeddable":true,"href":"https:\/\/manhattandent.pl\/stomatolog\/wp-json\/wp\/v2\/pages\/17"}],"wp:attachment":[{"href":"https:\/\/manhattandent.pl\/stomatolog\/wp-json\/wp\/v2\/media?parent=734"}],"curies":[{"name":"wp","href":"https:\/\/api.w.org\/{rel}","templated":true}]}}